{"id":1270,"date":"2013-03-12T18:35:37","date_gmt":"2013-03-12T16:35:37","guid":{"rendered":"http:\/\/www.schonberg-bathrooms.com\/?page_id=1270"},"modified":"2024-05-06T11:49:20","modified_gmt":"2024-05-06T08:49:20","slug":"paigaldus","status":"publish","type":"page","link":"https:\/\/schonberg-bathrooms.com\/et\/paigaldus\/","title":{"rendered":"Paigaldus"},"content":{"rendered":"<h1>Paigalduse tellimine<\/h1>\n<p style=\"text-align: justify;\">Olete soetanud endale uue Sch\u00f6nberg toote ning soovite, et selle paigaldaks ekspert ning saaksite toodet koheselt kasutama hakata?<\/p>\n<p style=\"text-align: justify;\">Paigalduse tellimiseks palun t\u00e4itke allolev vorm ning v\u00f5tame Teiega ise \u00fchendust.<\/p>\n<p style=\"text-align: justify;\">Paigalduse ligikaudsed hinnad on vahemikus 55 &#8211; 155 \u20ac, s\u00f5ltuvalt tootest.<\/p>\n<p style=\"text-align: justify;\"><strong>Hinnale lisandub:<\/strong><\/p>\n<ul>\n<li>Paigalduse k\u00e4igus vajaminevad kulumaterjalid (n\u00e4iteks toruteip, vajalikud \u00fcleminekud jne.)<\/li>\n<li>V\u00f5ib lisanduda transpordikulu s\u00f5ltuvalt kliendi asukohast.<\/li>\n<\/ul>\n<h2 style=\"text-align: justify;\">Paigalduse tellimise vorm<\/h2>\n<div class=\"usermessagea\">\n<div class=\"wpcf7 no-js\" id=\"wpcf7-f89289-o1\" lang=\"en-US\" dir=\"ltr\" data-wpcf7-id=\"89289\">\n<div class=\"screen-reader-response\"><p role=\"status\" aria-live=\"polite\" aria-atomic=\"true\"><\/p> <ul><\/ul><\/div>\n<form action=\"\/et\/wp-json\/wp\/v2\/pages\/1270#wpcf7-f89289-o1\" method=\"post\" class=\"wpcf7-form init\" aria-label=\"Contact form\" novalidate=\"novalidate\" data-status=\"init\">\n<fieldset class=\"hidden-fields-container\"><input type=\"hidden\" name=\"_wpcf7\" value=\"89289\" \/><input type=\"hidden\" name=\"_wpcf7_version\" value=\"6.1.5\" \/><input type=\"hidden\" name=\"_wpcf7_locale\" value=\"en_US\" \/><input type=\"hidden\" name=\"_wpcf7_unit_tag\" value=\"wpcf7-f89289-o1\" \/><input type=\"hidden\" name=\"_wpcf7_container_post\" value=\"0\" \/><input type=\"hidden\" name=\"_wpcf7_posted_data_hash\" value=\"\" \/><input type=\"hidden\" name=\"_wpcf7_recaptcha_response\" value=\"\" \/>\n<\/fieldset>\n<p><label> Your name<br \/>\n<span class=\"wpcf7-form-control-wrap\" data-name=\"your-name\"><input size=\"40\" maxlength=\"400\" class=\"wpcf7-form-control wpcf7-text wpcf7-validates-as-required\" autocomplete=\"name\" aria-required=\"true\" aria-invalid=\"false\" value=\"\" type=\"text\" name=\"your-name\" \/><\/span> <\/label>\n<\/p>\n<p><label> Your email<br \/>\n<span class=\"wpcf7-form-control-wrap\" data-name=\"your-email\"><input size=\"40\" maxlength=\"400\" class=\"wpcf7-form-control wpcf7-email wpcf7-validates-as-required wpcf7-text wpcf7-validates-as-email\" autocomplete=\"email\" aria-required=\"true\" aria-invalid=\"false\" value=\"\" type=\"email\" name=\"your-email\" \/><\/span> <\/label>\n<\/p>\n<p><label> Your message<br \/>\n<span class=\"wpcf7-form-control-wrap\" data-name=\"your-message\"><textarea cols=\"40\" rows=\"10\" maxlength=\"2000\" class=\"wpcf7-form-control wpcf7-textarea wpcf7-validates-as-required\" aria-required=\"true\" aria-invalid=\"false\" name=\"your-message\"><\/textarea><\/span> <\/label>\n<\/p>\n<p><input class=\"wpcf7-form-control wpcf7-submit has-spinner\" type=\"submit\" value=\"Send Message\" \/>\n<\/p><div class=\"wpcf7-response-output\" aria-hidden=\"true\"><\/div>\n<\/form>\n<\/div>\n<\/div>\n\n<div class=\"tabs-container\">\n    <ul class=\"tabs-nav\">\n<li><h4><a href=\"#tab1\" title=\"Paigaldustingimused\" data-tab=\"tab1\">Paigaldustingimused<\/a><\/h4><\/li>\n<li><h4><a href=\"#tab2\" title=\"Paigaldus h\u00f5lmab\" data-tab=\"tab2\">Paigaldus h\u00f5lmab<\/a><\/h4><\/li>\n<li><h4><a href=\"#tab3\" title=\"Paigaldus ei sisalda\" data-tab=\"tab3\">Paigaldus ei sisalda<\/a><\/h4><\/li>\n    <\/ul>\n<div class=\"border-box group\">\n<div id=\"tab1\" class=\"tab-panel group\"><\/p>\n<p>Toodete paigaldamiseks on etten\u00e4htud paigaldusruum, mis on toote igast k\u00fcljest v\u00e4hemalt 0,5 m ja \u00fclevalt v\u00e4hemalt 0,3 m. Juhul, kui toote paigaldamiseks ei ole minimaalset etten\u00e4htud ruumi on paigaldajal \u00f5igus paigaldusest keelduda v\u00f5i n\u00f5uda lisatasu 50% kokkulepitud paigaldussummast.<\/p>\n<\/div>\n<div id=\"tab2\" class=\"tab-panel group\">\n<ul>\n<li>Toote komplekteerimist tehasepakendist t\u00f6\u00f6asendisse<\/li>\n<li>Toote \u00fchendamist aurusauna\/vanni taha\/alla eelnevalt paigaldatud veev\u00e4rgiga<\/li>\n<li>Toote \u00fchendamist aurusauna\/vanni alla eelnevalt veetud kaabeldusega, kas pistikupesade v\u00f5i juhtmete otse agregaatidesse \u00fchendamise kaudu<\/li>\n<li>Toote \u00fchendamist toote \u00e4ravooluaugust, mitte kaugemal kui 50 cm asuvasse kanalisatsiooni<\/li>\n<li>Toote asendamist t\u00f6\u00f6asendisse ja loodimist<\/li>\n<\/ul>\n<p><\/div>\n<div id=\"tab3\" class=\"tab-panel group\"><\/p>\n<ul>\n<li>Usteavade v\u00f5i l\u00e4bip\u00e4\u00e4suavade suurendamist<\/li>\n<li>Rikkevoolukaitsme(te), kaitsel\u00fclitite paigaldamist ega muid elektrit\u00f6id jaotuskilbis<\/li>\n<li>Elektrit\u00f6id, juhtmete vedamist seadmeni<\/li>\n<li>Seinte ja p\u00f5randa l\u00f5hkumist ja avade tegemist paigalduse v\u00f5imaldamiseks<\/li>\n<li>Pealetuleva vee ja kanalisatsioonitorude vedamist vanni alla.<\/li>\n<li>Ventilatsioonit\u00f6id<\/li>\n<li>Usteavade jt. l\u00e4bip\u00e4\u00e4suavade taastamist<\/li>\n<li>Vanni ei paigaldata teostusj\u00e4rgus ruumi<\/li>\n<\/ul>\n<p><\/div>\n<\/div><\/div>\n<\/p>\n","protected":false},"excerpt":{"rendered":"<p>Paigalduse tellimine Olete soetanud endale uue Sch\u00f6nberg toote ning soovite, et selle paigaldaks ekspert ning saaksite toodet koheselt kasutama hakata? Paigalduse tellimiseks palun t\u00e4itke allolev vorm ning v\u00f5tame Teiega ise \u00fchendust. Paigalduse ligikaudsed hinnad on vahemikus 55 &#8211; 155 \u20ac, s\u00f5ltuvalt tootest. Hinnale lisandub: Paigalduse k\u00e4igus vajaminevad kulumaterjalid (n\u00e4iteks toruteip, [&#8230;]<\/p>\n","protected":false},"author":456793,"featured_media":0,"parent":0,"menu_order":0,"comment_status":"closed","ping_status":"closed","template":"","meta":{"_acf_changed":false,"footnotes":""},"class_list":["post-1270","page","type-page","status-publish","hentry"],"acf":[],"_links":{"self":[{"href":"https:\/\/schonberg-bathrooms.com\/et\/wp-json\/wp\/v2\/pages\/1270","targetHints":{"allow":["GET"]}}],"collection":[{"href":"https:\/\/schonberg-bathrooms.com\/et\/wp-json\/wp\/v2\/pages"}],"about":[{"href":"https:\/\/schonberg-bathrooms.com\/et\/wp-json\/wp\/v2\/types\/page"}],"author":[{"embeddable":true,"href":"https:\/\/schonberg-bathrooms.com\/et\/wp-json\/wp\/v2\/users\/456793"}],"replies":[{"embeddable":true,"href":"https:\/\/schonberg-bathrooms.com\/et\/wp-json\/wp\/v2\/comments?post=1270"}],"version-history":[{"count":2,"href":"https:\/\/schonberg-bathrooms.com\/et\/wp-json\/wp\/v2\/pages\/1270\/revisions"}],"predecessor-version":[{"id":89311,"href":"https:\/\/schonberg-bathrooms.com\/et\/wp-json\/wp\/v2\/pages\/1270\/revisions\/89311"}],"wp:attachment":[{"href":"https:\/\/schonberg-bathrooms.com\/et\/wp-json\/wp\/v2\/media?parent=1270"}],"curies":[{"name":"wp","href":"https:\/\/api.w.org\/{rel}","templated":true}]}}