{"id":1311,"date":"2013-03-13T14:44:06","date_gmt":"2013-03-13T12:44:06","guid":{"rendered":"http:\/\/www.schonberg-bathrooms.com\/?page_id=1311"},"modified":"2024-05-06T11:48:11","modified_gmt":"2024-05-06T08:48:11","slug":"hooldus","status":"publish","type":"page","link":"https:\/\/schonberg-bathrooms.com\/et\/hooldus\/","title":{"rendered":"Hooldus"},"content":{"rendered":"<p>Toote veatuks toimiseks on seda tarvis hooldada. Allj\u00e4rgnevalt on v\u00e4lja toodud juhised toote hooldamiseks.<\/p>\n<h1>Kuidas hooldada Sch\u00f6nberg tooteid<\/h1>\n<ol>\n<li style=\"text-align: justify;\">Puhastage alust regulaarselt \u00e4ravooluava v\u00f5\u00f5rkehadega ummistumise v\u00e4ltimiseks.<\/li>\n<li style=\"text-align: justify;\">Kui aluse pinnale peaksid ilmuma katlakivij\u00e4\u00e4gid, kandke nende peale v\u00e4ike kogus spetsiaalset puhastusvahendit ja p\u00fchkige pind pehme lapiga puhtaks.<\/li>\n<li style=\"text-align: justify;\">Toote pealispindade (puit, plastmass- ja alumiiniumdetailid, kroomitud vms. kattega detailid) puhastamiseks on rangelt keelatud kasutada tugevatoimelisi happelisi v\u00f5i leeliselisi pesuvahendeid (nt. piiritus, lahustid, nuuskpiiritus, atsetoon vms.). Kasutage toote valmistajafirma poolt soovitatavaid neutraalseid puhastusvahendeid.<\/li>\n<li style=\"text-align: justify;\">Kroomkattega detailide pealispindu v\u00f5ib puhastada ainult flanellist lapiga \u2013 p\u00fchkige pind ettevaatlikult, survet avaldamata \u00fcle. Karedast riidest lappide kasutamine ja pindade h\u00f5\u00f5rumine on keelatud.<\/li>\n<li style=\"text-align: justify;\">Kui aurujaotuskambri seintele v\u00f5i tugedele on kleepunud v\u00f5\u00f5rkehi, eemaldage need pesuvahendi ja pehme lapi abil. Noa v\u00f5i traatharja kasutamine on rangelt keelatud, vastasel juhul v\u00f5ib aurukabiin t\u00f5siselt kriimustada saada.<\/li>\n<li style=\"text-align: justify;\">Pisikriimustuste v\u00f5i sigaretij\u00e4lgede tekkimisel toote pinnale poleerige kahjustatud kohti niiske poleerlihvpaberiga nr. 1200, h\u00f5\u00f5ruge need \u00fcle lihvpaberiga nr. 2000 ja poleerige poleerpasta v\u00f5i hambapasta ning pehme lapiga.<\/li>\n<li style=\"text-align: justify;\">Du\u0161ikabiini kasutamise j\u00e4rel j\u00e4tke l\u00fckanduks kabiini tuulutamiseks kindlasti lahti, vastasel juhul kogunevad aur ja kasutatud vesi du\u0161ikabiini ning p\u00f5hjustavad hallituse teket v\u00f5i ebameeldivat l\u00e4ppunud l\u00f5hna.<\/li>\n<li style=\"text-align: justify;\">Veekindlust tagava hermeetiku v\u00e4ljapudenemise korral v\u00f5ib vesi kabiinist lekkima hakata. Niisugusel tuleb hermeetik v\u00e4lja vahetada.<\/li>\n<\/ol>\n","protected":false},"excerpt":{"rendered":"<p>Toote veatuks toimiseks on seda tarvis hooldada. Allj\u00e4rgnevalt on v\u00e4lja toodud juhised toote hooldamiseks. Kuidas hooldada Sch\u00f6nberg tooteid Puhastage alust regulaarselt \u00e4ravooluava v\u00f5\u00f5rkehadega ummistumise v\u00e4ltimiseks. Kui aluse pinnale peaksid ilmuma katlakivij\u00e4\u00e4gid, kandke nende peale v\u00e4ike kogus spetsiaalset puhastusvahendit ja p\u00fchkige pind pehme lapiga puhtaks. Toote pealispindade (puit, plastmass- ja alumiiniumdetailid, [&#8230;]<\/p>\n","protected":false},"author":456793,"featured_media":0,"parent":0,"menu_order":0,"comment_status":"closed","ping_status":"closed","template":"","meta":{"_acf_changed":false,"footnotes":""},"class_list":["post-1311","page","type-page","status-publish","hentry"],"acf":[],"_links":{"self":[{"href":"https:\/\/schonberg-bathrooms.com\/et\/wp-json\/wp\/v2\/pages\/1311","targetHints":{"allow":["GET"]}}],"collection":[{"href":"https:\/\/schonberg-bathrooms.com\/et\/wp-json\/wp\/v2\/pages"}],"about":[{"href":"https:\/\/schonberg-bathrooms.com\/et\/wp-json\/wp\/v2\/types\/page"}],"author":[{"embeddable":true,"href":"https:\/\/schonberg-bathrooms.com\/et\/wp-json\/wp\/v2\/users\/456793"}],"replies":[{"embeddable":true,"href":"https:\/\/schonberg-bathrooms.com\/et\/wp-json\/wp\/v2\/comments?post=1311"}],"version-history":[{"count":2,"href":"https:\/\/schonberg-bathrooms.com\/et\/wp-json\/wp\/v2\/pages\/1311\/revisions"}],"predecessor-version":[{"id":89306,"href":"https:\/\/schonberg-bathrooms.com\/et\/wp-json\/wp\/v2\/pages\/1311\/revisions\/89306"}],"wp:attachment":[{"href":"https:\/\/schonberg-bathrooms.com\/et\/wp-json\/wp\/v2\/media?parent=1311"}],"curies":[{"name":"wp","href":"https:\/\/api.w.org\/{rel}","templated":true}]}}