{"id":88497,"date":"2019-05-29T12:37:47","date_gmt":"2019-05-29T09:37:47","guid":{"rendered":"https:\/\/schonberg-bathrooms.com\/edasimuujad-eestis\/"},"modified":"2024-05-06T11:47:08","modified_gmt":"2024-05-06T08:47:08","slug":"edasimuujad-eestis","status":"publish","type":"page","link":"https:\/\/schonberg-bathrooms.com\/et\/edasimuujad-eestis\/","title":{"rendered":"Edasim\u00fc\u00fcjad Eestis"},"content":{"rendered":"<h1>Sch\u00f6nberg volitatud esindajad Eestis<\/h1>\n<h2>Tallinn<\/h2>\n<div class=\"toggle\">\n    <h4 class=\"tab-index tab-closed\"><a href=\"#\" title=\"Open\"><span class=\"icon-plus-sign\"><\/span> Lintman Eesti<\/a><\/h4>\n    <div class=\"content-tab closed\">\n        <p><strong>Aadress:<\/strong> Lauliku 2b, Tallinn<br \/>\n<strong>Telefon:<\/strong> +372 677 64 78<br \/>\n<strong>Avatud:<\/strong> E-N 10:00-18:00, R 10:00-17:00<br \/>\n<strong>Kontakt:<\/strong> salong@lintman.ee<br \/>\n<strong>Veeb: <\/strong><a href=\"https:\/\/lintman.ee\/\">www.lintman.ee<\/a><\/p>\n    <\/div>  \n<\/div><\/p>\n<div class=\"toggle\">\n    <h4 class=\"tab-index tab-closed\"><a href=\"#\" title=\"Open\"><span class=\"icon-plus-sign\"><\/span> Arcade sanitaartehnika<\/a><\/h4>\n    <div class=\"content-tab closed\">\n        <p><strong>Aadress:<\/strong> Kadaka tee 48, Tallinn<br \/>\n<strong>Telefon:<\/strong> 6 727 313<br \/>\n<strong>Avatud:<\/strong> E-R 8:30 &#8211; 19:00, L 9:00-15:00<br \/>\n<strong>Veeb:<\/strong> <a href=\"https:\/\/www.sansan.ee\">www.sansan.ee<\/a><\/p>\n    <\/div>  \n<\/div><\/p>\n<div class=\"toggle\">\n    <h4 class=\"tab-index tab-closed\"><a href=\"#\" title=\"Open\"><span class=\"icon-plus-sign\"><\/span> Bauhof Tallinn<\/a><\/h4>\n    <div class=\"content-tab closed\">\n        <p><strong>Aadress:<\/strong> J. Smuuli tee 41 Harju maakond<br \/>\n<strong>Telefon:<\/strong> 6061444<br \/>\n<strong>Avatud:<\/strong> E-R 8:00 &#8211; 20:00, L 9:00 &#8211; 20:00, P 9:00 &#8211; 17:00<br \/>\n<strong>Veeb:<\/strong> <a href=\"http:\/\/www.bauhof.ee\" target=\"_blank\" rel=\"noopener noreferrer\">www.bauhof.ee<\/a><\/p>\n    <\/div>  \n<\/div><\/p>\n<div class=\"toggle\">\n    <h4 class=\"tab-index tab-closed\"><a href=\"#\" title=\"Open\"><span class=\"icon-plus-sign\"><\/span> Keila Bauhof<\/a><\/h4>\n    <div class=\"content-tab closed\">\n        <p><strong>Aadress:<\/strong> Paldiski mnt 35, Harju maakond, Keila<br \/>\n<strong>Telefon:<\/strong> 6061444<br \/>\n<strong>Avatud:<\/strong> E-R 8:00 &#8211; 20:00, L 9:00 &#8211; 20:00, P 9:00 &#8211; 17:00<br \/>\n<strong>Veeb:<\/strong> <a href=\"http:\/\/www.bauhof.ee\" target=\"_blank\" rel=\"noopener noreferrer\">www.bauhof.ee<\/a><\/p>\n    <\/div>  \n<\/div><\/p>\n<div class=\"toggle\">\n    <h4 class=\"tab-index tab-closed\"><a href=\"#\" title=\"Open\"><span class=\"icon-plus-sign\"><\/span> Laagri Bauhof<\/a><\/h4>\n    <div class=\"content-tab closed\">\n        <p><strong>Aadress:<\/strong> P\u00e4rnu mnt 558, Harju maakond, Saue<br \/>\n<strong>Telefon:<\/strong> 6727313<br \/>\n<strong>Veeb:<\/strong> <a href=\"http:\/\/www.bauhof.ee\" target=\"_blank\" rel=\"noopener noreferrer\">www.bauhof.ee<\/a><\/p>\n    <\/div>  \n<\/div><\/p>\n<div class=\"toggle\">\n    <h4 class=\"tab-index tab-closed\"><a href=\"#\" title=\"Open\"><span class=\"icon-plus-sign\"><\/span> SanSan<\/a><\/h4>\n    <div class=\"content-tab closed\">\n        <p><strong>Aadress:<\/strong> Kadaka tee 48, Tallinn<br \/>\n<strong>Telefon:<\/strong> 6 727 313<br \/>\n<strong>Avatud:<\/strong> 24h<br \/>\n<strong>Veeb:<\/strong> <a href=\"https:\/\/www.sansan.ee\">www.sansan.ee<\/a><\/p>\n    <\/div>  \n<\/div><\/p>\n<div class=\"toggle\">\n    <h4 class=\"tab-index tab-closed\"><a href=\"#\" title=\"Open\"><span class=\"icon-plus-sign\"><\/span> Interneti kaubamaja<\/a><\/h4>\n    <div class=\"content-tab closed\">\n        <p><strong>Aadress:<\/strong> Interbauen<br \/>\n<strong>Kontakt:<\/strong> info@interbauen.ee<br \/>\n<strong>Veeb:<\/strong> <a href=\"https:\/\/interbauen.ee\/\">www.interbauen.ee<\/a><\/p>\n    <\/div>  \n<\/div><\/p>\n<h2>Hiiu maakond<\/h2>\n<div class=\"toggle\">\n    <h4 class=\"tab-index tab-closed\"><a href=\"#\" title=\"Open\"><span class=\"icon-plus-sign\"><\/span> Numitor<\/a><\/h4>\n    <div class=\"content-tab closed\">\n        <p><strong>Aadress:<\/strong> K\u00e4rdla 6, Hiiumaa 92411<br \/>\n<strong>Telefon:<\/strong> 5036677<br \/>\n<strong>Avatud:<\/strong> E-R 08:00-18:00, L 10:00-14:00<br \/>\n<strong>Kontakt:<\/strong> ou.numitor@neti.ee<br \/>\n<strong>Veeb:<\/strong> <a href=\"https:\/\/vabadusepood.ee\/\">www.vabadusepood.ee\/<\/a><br \/>\n\/toggle]<\/p>\n<h2>Saare maakond<\/h2>\n<div class=\"toggle\">\n    <h4 class=\"tab-index tab-closed\"><a href=\"#\" title=\"Open\"><span class=\"icon-plus-sign\"><\/span> Saare Agrovaru<\/a><\/h4>\n    <div class=\"content-tab closed\">\n            <\/div>  \n<\/div>\n<strong>Aadress:<\/strong> Tallinna 63, Kuressaare 93818<br \/>\n<strong>Telefon:<\/strong> 372 455 7269<br \/>\n<strong>Avatud:<\/strong> E-R 08:00-18:00, L 09:00-15:00<br \/>\n<strong>Kontakt:<\/strong> agrovaru@estpak.ee<br \/>\n<strong>Veeb:<\/strong> <a href=\"http:\/\/bit.ly\/2HIUkHW\">www.tehnika\u00e4ri.eu<\/a><br \/>\n<span style=\"font-size: 16px; font-style: normal; font-weight: 300;\">[<\/span>\/toggle]<\/p>\n<h2>L\u00e4\u00e4ne maakond<\/h2>\n<div class=\"toggle\">\n    <h4 class=\"tab-index tab-closed\"><a href=\"#\" title=\"Open\"><span class=\"icon-plus-sign\"><\/span> Haapsalu Bauhof<\/a><\/h4>\n    <div class=\"content-tab closed\">\n            <\/div>  \n<\/div>\n<strong>Aadress:<\/strong> Tallinna mnt 68a, L\u00e4\u00e4ne maakond, Ridala vald<br \/>\n<strong>Telefon:<\/strong> 6061444<br \/>\n<strong>Avatud:<\/strong> E-R 8:00 &#8211; 19:00, L 9:00 &#8211; 17:00, P 9:00 &#8211; 16:00<br \/>\n<strong>Kontakt:<\/strong> haapsalu@bauhof.ee<br \/>\n<strong>Veeb:<\/strong> <a href=\"http:\/\/www.bauhof.ee\" target=\"_blank\" rel=\"noopener noreferrer\">www.bauhof.ee<\/a><\/p>\n    <\/div>  \n<\/div><\/p>\n<div class=\"toggle\">\n    <h4 class=\"tab-index tab-closed\"><a href=\"#\" title=\"Open\"><span class=\"icon-plus-sign\"><\/span> Sambla<\/a><\/h4>\n    <div class=\"content-tab closed\">\n        <p><strong>Aadress:<\/strong> Tehnika 30, Uuem\u00f5isa, Ridala vald 90401<br \/>\n<strong>Telefon:<\/strong> 4731057<br \/>\n<strong>Kontakt:<\/strong> santehnika@sambla.ee<br \/>\n<strong>Veeb:<\/strong> <a href=\"http:\/\/sambla.onepagefree.com\/index.php?id=6507\/\">www.sambla.ee<\/a><\/p>\n    <\/div>  \n<\/div><\/p>\n<h2>Rapla maakond<\/h2>\n<div class=\"toggle\">\n    <h4 class=\"tab-index tab-closed\"><a href=\"#\" title=\"Open\"><span class=\"icon-plus-sign\"><\/span> Espak Rapla<\/a><\/h4>\n    <div class=\"content-tab closed\">\n        <p><strong>Aadress:<\/strong> Tallinna mnt 3 B, Rapla maakond<br \/>\n<strong>Telefon:<\/strong> 4894590<br \/>\n<strong>Avatud:<\/strong> E-R 08:00-18:00, L 09:00-15:00<br \/>\n<strong>Kontakt:<\/strong> nninvest@hot.ee<br \/>\n<strong>Veeb: <\/strong><a href=\"http:\/\/bit.ly\/2QCgmPq\">www.espak.ee<\/a><\/p>\n    <\/div>  \n<\/div><\/p>\n<h2>P\u00e4rnu maakond<\/h2>\n<div class=\"toggle\">\n    <h4 class=\"tab-index tab-closed\"><a href=\"#\" title=\"Open\"><span class=\"icon-plus-sign\"><\/span> Espak P\u00e4rnu<\/a><\/h4>\n    <div class=\"content-tab closed\">\n        <p><strong>Aadress:<\/strong> Papiniidu 4, P\u00e4rnu<br \/>\n<strong>Telefon:<\/strong> 4894590<br \/>\n<strong>Avatud:<\/strong> \u00a0E-R 08:00-19:00, L 09:00-17:00, P 09:00-15:00<br \/>\n<strong>Veeb: <\/strong><a href=\"http:\/\/bit.ly\/2QCgmPq\">www.espak.ee<\/a><\/p>\n    <\/div>  \n<\/div><\/p>\n<div class=\"toggle\">\n    <h4 class=\"tab-index tab-closed\"><a href=\"#\" title=\"Open\"><span class=\"icon-plus-sign\"><\/span> Bauhof P\u00e4rnu<\/a><\/h4>\n    <div class=\"content-tab closed\">\n        <p><strong>Aadress:<\/strong> Papiniidu 5a\/2, P\u00e4rnu maakond, P\u00e4rnu<br \/>\n<strong>Telefon:<\/strong> 6061444<br \/>\n<strong>Avatud:<\/strong> E-R 8:00 &#8211; 20:00, L 9:00 &#8211; 20:00, P 9:00 &#8211; 17:00<br \/>\n<strong>Kontakt:<\/strong> parnu@bauhof.ee<br \/>\n<strong>Veeb:<\/strong> <a style=\"font-weight: 300;\" href=\"http:\/\/www.bauhof.ee\" target=\"_blank\" rel=\"noopener noreferrer\">www.bauhof.ee<\/a><\/p>\n    <\/div>  \n<\/div><\/p>\n<div class=\"toggle\">\n    <h4 class=\"tab-index tab-closed\"><a href=\"#\" title=\"Open\"><span class=\"icon-plus-sign\"><\/span> Decora P\u00e4rnu<\/a><\/h4>\n    <div class=\"content-tab closed\">\n        <p><strong>Aadress:<\/strong> Lai 18, P\u00e4rnu<br \/>\n<strong>Telefon:<\/strong> 4471420<br \/>\n<strong>Avatud:<\/strong> E-R 08:00-19:00, L 09:00-16:00, P 10:00-15:00<br \/>\n<strong>Kontakt:<\/strong> decora@decora.ee<br \/>\n<strong>Veeb:<\/strong> <a href=\"https:\/\/www.decora.ee\/\">www.decora.ee<\/a><\/p>\n    <\/div>  \n<\/div><\/p>\n<h2>L\u00e4\u00e4ne-Viru maakond<\/h2>\n<div class=\"toggle\">\n    <h4 class=\"tab-index tab-closed\"><a href=\"#\" title=\"Open\"><span class=\"icon-plus-sign\"><\/span> Rakvere Bauhof<\/a><\/h4>\n    <div class=\"content-tab closed\">\n        <p><strong>Aadress:<\/strong> Ringtee 2, L\u00e4\u00e4ne-Viru maakond, Rakvere<br \/>\n<strong>Telefon:<\/strong> 6061444<br \/>\n<strong>Avatud:<\/strong> E-R 8:00 &#8211; 20:00, L 9:00 &#8211; 20:00, P 9:00 &#8211; 17:00<br \/>\n<strong>Kontakt:<\/strong> rakvere@bauhof.ee<br \/>\n<strong>Veeb:<\/strong> <a style=\"font-weight: 300;\" href=\"http:\/\/www.bauhof.ee\" target=\"_blank\" rel=\"noopener noreferrer\">www.bauhof.ee<\/a><\/p>\n    <\/div>  \n<\/div><\/p>\n<div class=\"toggle\">\n    <h4 class=\"tab-index tab-closed\"><a href=\"#\" title=\"Open\"><span class=\"icon-plus-sign\"><\/span> Rakvere Espak<\/a><\/h4>\n    <div class=\"content-tab closed\">\n        <p><strong>Aadress:<\/strong> R\u00e4gavere tee 24, Rakvere,<br \/>\n<strong>Telefon:<\/strong> 3223532<br \/>\n<strong>Avatud:<\/strong> E-R 08:00-18:00, L 09:00-15:00<br \/>\n<strong>Veeb: <\/strong><a href=\"http:\/\/bit.ly\/2QCgmPq\">www.espak.ee<\/a><\/p>\n    <\/div>  \n<\/div><\/p>\n<h2>J\u00e4rva maakond<\/h2>\n<div class=\"toggle\">\n    <h4 class=\"tab-index tab-closed\"><a href=\"#\" title=\"Open\"><span class=\"icon-plus-sign\"><\/span> Espak Paide<\/a><\/h4>\n    <div class=\"content-tab closed\">\n        <p><strong>Aadress:<\/strong> Pr\u00e4\u00e4ma tee 20, Paide<br \/>\n<strong>Telefon:<\/strong> 3870070<br \/>\n<strong>Avatud:<\/strong> E-R 08:00-19:00, L 09:00-17:00<br \/>\n<strong>Veeb: <\/strong><a href=\"http:\/\/bit.ly\/2QCgmPq\">www.espak.ee<\/a><\/p>\n    <\/div>  \n<\/div><\/p>\n<div class=\"toggle\">\n    <h4 class=\"tab-index tab-closed\"><a href=\"#\" title=\"Open\"><span class=\"icon-plus-sign\"><\/span> Paide T\u00dc<\/a><\/h4>\n    <div class=\"content-tab closed\">\n        <p><strong>Aadress:<\/strong> T\u00f6\u00f6stuse 26, Paide<br \/>\n<strong>Telefon:<\/strong> 3850394<br \/>\n<strong>Avatud:<\/strong> E-R 08:00-18:00, L 09:00-15:00, P 09:00-13:00<br \/>\n<strong>Veeb:<\/strong> paide.ehitus@jarvaty.ee<\/p>\n    <\/div>  \n<\/div><\/p>\n<h2>Viljandi maakond<\/h2>\n<div class=\"toggle\">\n    <h4 class=\"tab-index tab-closed\"><a href=\"#\" title=\"Open\"><span class=\"icon-plus-sign\"><\/span> Decora Viljandi<\/a><\/h4>\n    <div class=\"content-tab closed\">\n        <p><strong>Aadress:<\/strong> Leola 53, Viljandi, Home Gallery<br \/>\n<strong>Telefon:<\/strong> 4342040<br \/>\n<strong>Avatud:<\/strong> E-R 08:00-19:00, L 09:00-17:00, P 10:00-16:00<br \/>\n<strong>Kontakt:<\/strong> santeh.parnu@decora.ee<br \/>\n<strong>Veeb:<\/strong> <a href=\"https:\/\/www.decora.ee\/\">www.decora.ee<\/a><\/p>\n    <\/div>  \n<\/div><\/p>\n<div class=\"toggle\">\n    <h4 class=\"tab-index tab-closed\"><a href=\"#\" title=\"Open\"><span class=\"icon-plus-sign\"><\/span> Decora Viljandi<\/a><\/h4>\n    <div class=\"content-tab closed\">\n        <p><strong>Aadress:<\/strong> Leola 53, Viljandi, Home Gallery<br \/>\n<strong>Telefon:<\/strong> 4342040<br \/>\n<strong>Avatud:<\/strong> E-R 08:00-19:00, L 09:00-17:00, P 10:00-16:00<br \/>\n<strong>Kontakt:<\/strong> santeh.parnu@decora.ee<br \/>\n<strong>Veeb:<\/strong> <a href=\"https:\/\/www.decora.ee\/\">www.decora.ee<\/a><\/p>\n    <\/div>  \n<\/div><\/p>\n<div class=\"toggle\">\n    <h4 class=\"tab-index tab-closed\"><a href=\"#\" title=\"Open\"><span class=\"icon-plus-sign\"><\/span> Bauhof Viljandi<\/a><\/h4>\n    <div class=\"content-tab closed\">\n        <p><strong>Aadress:<\/strong> Reinu tee 29A, Viljandi maakond, Viljandi<br \/>\n<strong>Telefon:<\/strong> 6061444<br \/>\n<strong>Avatud:<\/strong> E-R 8:00 &#8211; 20:00, L 9:00 &#8211; 20:00, P 9:00 &#8211; 17:00<br \/>\n<strong>Kontakt:<\/strong> viljandi@bauhof.ee<br \/>\n<strong>Veeb:<\/strong> <a style=\"font-weight: 300;\" href=\"http:\/\/www.bauhof.ee\" target=\"_blank\" rel=\"noopener noreferrer\">www.bauhof.ee<\/a><\/p>\n    <\/div>  \n<\/div><\/p>\n<div class=\"toggle\">\n    <h4 class=\"tab-index tab-closed\"><a href=\"#\" title=\"Open\"><span class=\"icon-plus-sign\"><\/span> Espak Viljandi<\/a><\/h4>\n    <div class=\"content-tab closed\">\n        <p><strong>Aadress:<\/strong>\u00a0Reinu tee 35, Viljandi maakond, Viljandi<br \/>\n<strong>Telefon:<\/strong> 4336652<br \/>\n<strong>Avatud:<\/strong> E-R 08:30-18:00, L 09:00-16:00<br \/>\n<strong>Veeb: <\/strong><a href=\"http:\/\/bit.ly\/2QCgmPq\">www.espak.ee<\/a><\/p>\n    <\/div>  \n<\/div><\/p>\n<h2>J\u00f5geva maakond<\/h2>\n<div class=\"toggle\">\n    <h4 class=\"tab-index tab-closed\"><a href=\"#\" title=\"Open\"><span class=\"icon-plus-sign\"><\/span> Decora J\u00f5geva<\/a><\/h4>\n    <div class=\"content-tab closed\">\n        <p><strong>Aadress:<\/strong> Puiestee 38, J\u00f5geva<br \/>\n<strong>Telefon:<\/strong> 7762500<br \/>\n<strong>Avatud:<\/strong> E-R 08:00-18:00, L 09:00-15:00, P 10:00-14:00<br \/>\n<strong>Kontakt:<\/strong> jogeva@decora.ee<br \/>\n<strong>Veeb:<\/strong> <a href=\"https:\/\/www.decora.ee\/\">www.decora.ee<\/a><\/p>\n    <\/div>  \n<\/div><\/p>\n<div class=\"toggle\">\n    <h4 class=\"tab-index tab-closed\"><a href=\"#\" title=\"Open\"><span class=\"icon-plus-sign\"><\/span> P\u00f5ltsamaa Decora<\/a><\/h4>\n    <div class=\"content-tab closed\">\n        <p><strong>Aadress:<\/strong> Viljandi mnt 2, P\u00f5ltsamaa<br \/>\n<strong>Telefon:<\/strong> 7762505<br \/>\n<strong>Avatud:<\/strong> E-R 08:00-18:00, L 09:00-15:00, P 10:00-14:00<br \/>\n<strong>Kontakt:<\/strong> poltsamaa@decora.ee<br \/>\n<strong>Veeb:<\/strong> <a href=\"https:\/\/www.decora.ee\/\">www.decora.ee<\/a><\/p>\n    <\/div>  \n<\/div><\/p>\n<h2>Tartu maakond<\/h2>\n<div class=\"toggle\">\n    <h4 class=\"tab-index tab-closed\"><a href=\"#\" title=\"Open\"><span class=\"icon-plus-sign\"><\/span> Decora Tartu<\/a><\/h4>\n    <div class=\"content-tab closed\">\n        <p><strong>Aadress:<\/strong> Riia 128, Tartu<br \/>\n<strong>Telefon:<\/strong> 7331350<br \/>\n<strong>Avatud:<\/strong> E-R 08:00-19:00, L 09:00-17:00, P 10:00-16:00<br \/>\n<strong>Kontakt:<\/strong> decora@decora.ee<br \/>\n<strong>Veeb:<\/strong> <a href=\"https:\/\/www.decora.ee\/\">www.decora.ee<\/a><\/p>\n    <\/div>  \n<\/div><\/p>\n<div class=\"toggle\">\n    <h4 class=\"tab-index tab-closed\"><a href=\"#\" title=\"Open\"><span class=\"icon-plus-sign\"><\/span> Bauhof Tartu<\/a><\/h4>\n    <div class=\"content-tab closed\">\n        <p><strong>Aadress:<\/strong> Ringtee 69 Tartu maakond, Tartu<br \/>\n<strong>Telefon:<\/strong> 6061444<br \/>\n<strong>Avatud:<\/strong> E-R 8:00 &#8211; 20:00, L 9:00 &#8211; 20:00, P 9:00 &#8211; 17:00<br \/>\n<strong>E-mail:<\/strong> tartu@bauhof.ee<br \/>\n<strong>Veeb:<\/strong> <a style=\"font-weight: 300;\" href=\"http:\/\/www.bauhof.ee\" target=\"_blank\" rel=\"noopener noreferrer\">www.bauhof.ee<\/a><\/p>\n    <\/div>  \n<\/div><\/p>\n<div class=\"toggle\">\n    <h4 class=\"tab-index tab-closed\"><a href=\"#\" title=\"Open\"><span class=\"icon-plus-sign\"><\/span> Espak Tartu<\/a><\/h4>\n    <div class=\"content-tab closed\">\n        <p><strong>Aadress:<\/strong> Turu 24, Tartu<br \/>\n<strong>Telefon:<\/strong> 6061444<br \/>\n<strong>Avatud:<\/strong> E-R 8:00 &#8211; 19:00, L 9:00 &#8211; 18:00, P 9:00 &#8211; 16:00<br \/>\n<strong>Veeb: <\/strong><a href=\"http:\/\/bit.ly\/2QCgmPq\">www.espak.ee<\/a><\/p>\n    <\/div>  \n<\/div><\/p>\n<h2>Valga maakond<\/h2>\n<div class=\"toggle\">\n    <h4 class=\"tab-index tab-closed\"><a href=\"#\" title=\"Open\"><span class=\"icon-plus-sign\"><\/span> Bauhof Valga<\/a><\/h4>\n    <div class=\"content-tab closed\">\n        <p><strong>Aadress:<\/strong> Viljandi 80A, Valga maakond, Valga<br \/>\n<strong>Telefon:<\/strong> 6061444<br \/>\n<strong>Avatud:<\/strong> E-R 8:00 &#8211; 19:00, L 9:00 &#8211; 16:00, P 10:00 &#8211; 16:00<br \/>\n<strong>E-mail:<\/strong> valga@bauhof.ee<br \/>\n<strong>Veeb:<\/strong> <a style=\"font-weight: 300;\" href=\"http:\/\/www.bauhof.ee\" target=\"_blank\" rel=\"noopener noreferrer\">www.bauhof.ee<\/a><\/p>\n    <\/div>  \n<\/div><\/p>\n<h2>P\u00f5lva maakond<\/h2>\n<div class=\"toggle\">\n    <h4 class=\"tab-index tab-closed\"><a href=\"#\" title=\"Open\"><span class=\"icon-plus-sign\"><\/span> P\u00f5lva Bauhof<\/a><\/h4>\n    <div class=\"content-tab closed\">\n        <p><strong>Aadress:<\/strong> Jaama 12a, P\u00f5lva maakond, P\u00f5lva<br \/>\n<strong>Telefon:<\/strong> 6061444<br \/>\n<strong>Avatud:<\/strong> E-R 8:00 &#8211; 19:00, L 9:00 &#8211; 17:00, P 9:00 &#8211; 16:00<br \/>\n<strong style=\"font-style: normal;\">Kontakt<\/strong><strong>:<\/strong> polva@bauhof.ee<br \/>\n<strong>Veeb:<\/strong> <a style=\"font-weight: 300;\" href=\"http:\/\/www.bauhof.ee\" target=\"_blank\" rel=\"noopener noreferrer\">www.bauhof.ee<\/a><\/p>\n    <\/div>  \n<\/div><\/p>\n<div class=\"toggle\">\n    <h4 class=\"tab-index tab-closed\"><a href=\"#\" title=\"Open\"><span class=\"icon-plus-sign\"><\/span> P\u00f5lva T\u00dc<\/a><\/h4>\n    <div class=\"content-tab closed\">\n        <p><strong>Aadress:<\/strong> Jaama 62, P\u00f5lva<br \/>\n<strong>Telefon:<\/strong> 7998496<br \/>\n<strong>Avatud:<\/strong> E-R 08:00-18:00, L 08:00-16:00, P 09:00-15:00<br \/>\n<strong>Kontakt:<\/strong> kpl.ehitaja@mail.ee<br \/>\n<strong>Veeb:<\/strong> <a href=\"http:\/\/www.pty.ee\">www.pty.ee<\/a><\/p>\n    <\/div>  \n<\/div><\/p>\n<h2>V\u00f5ru maakond<\/h2>\n<div class=\"toggle\">\n    <h4 class=\"tab-index tab-closed\"><a href=\"#\" title=\"Open\"><span class=\"icon-plus-sign\"><\/span> V\u00f5ru Decora<\/a><\/h4>\n    <div class=\"content-tab closed\">\n        <p><strong>Aadress:<\/strong> Lepa 2, V\u00f5ru<br \/>\n<strong>Telefon:<\/strong> 7826800<br \/>\n<strong>Avatud:<\/strong> E-R 08:00-19:00, L 09:00-16:00, P 09:00-15:00<br \/>\n<strong>Kontakt:<\/strong> santeh.voru@decora.ee<br \/>\n<strong>Veeb:<\/strong> <a href=\"https:\/\/www.decora.ee\/\">www.decora.ee<\/a><\/p>\n    <\/div>  \n<\/div><\/p>\n<div class=\"toggle\">\n    <h4 class=\"tab-index tab-closed\"><a href=\"#\" title=\"Open\"><span class=\"icon-plus-sign\"><\/span> Empak<\/a><\/h4>\n    <div class=\"content-tab closed\">\n        <p><strong>Aadress:<\/strong> Kubja 15, V\u00f5ru<br \/>\n<strong>Telefon:<\/strong> 7858 563<br \/>\n<strong>Avatud:<\/strong> E-R 08:00-18:00, L 09:00-15:00, P 09:00-15:00<br \/>\n<strong>Kontakt:<\/strong> santeh.voru@decora.ee<br \/>\n<strong>Veeb:<\/strong> <a href=\"https:\/\/empak.ee\/et\/\">www.empak.ee<\/a><\/p>\n    <\/div>  \n<\/div><\/p>\n<h2>Ida-Viru maakond<\/h2>\n<div class=\"toggle\">\n    <h4 class=\"tab-index tab-closed\"><a href=\"#\" title=\"Open\"><span class=\"icon-plus-sign\"><\/span> Espak J\u00f5hvi<\/a><\/h4>\n    <div class=\"content-tab closed\">\n        <p><strong>Aadress:<\/strong> Lille 3, J\u00f5hvi<br \/>\n<strong>Telefon:<\/strong> 3366060<br \/>\n<strong>Avatud:<\/strong> E-R 08:30-18:00, L 09:00-16:00, P 09:00-15:00<br \/>\n<strong>Veeb: <\/strong><a href=\"http:\/\/bit.ly\/2QCgmPq\">www.espak.ee<\/a><\/p>\n    <\/div>  \n<\/div><\/p>\n<div class=\"toggle\">\n    <h4 class=\"tab-index tab-closed\"><a href=\"#\" title=\"Open\"><span class=\"icon-plus-sign\"><\/span> Bauhof J\u00f5hvi<\/a><\/h4>\n    <div class=\"content-tab closed\">\n        <p><strong>Aadress:<\/strong> Narva mnt 141 Ida-Viru maakond, J\u00f5hvi<br \/>\n<strong>Telefon:<\/strong> 6061444<br \/>\n<strong>Avatud:<\/strong> E-R 8:00 &#8211; 20:00, L 9:00 &#8211; 19:00, P 9:00 &#8211; 17:00<br \/>\n<strong>E-mail:<\/strong> johvi@bauhof.ee<br \/>\n<strong>Veeb:<\/strong> <a style=\"font-weight: 300;\" href=\"http:\/\/www.bauhof.ee\" target=\"_blank\" rel=\"noopener noreferrer\">www.bauhof.ee<\/a><\/p>\n    <\/div>  \n<\/div><\/p>\n<div class=\"toggle\">\n    <h4 class=\"tab-index tab-closed\"><a href=\"#\" title=\"Open\"><span class=\"icon-plus-sign\"><\/span> Silbet<\/a><\/h4>\n    <div class=\"content-tab closed\">\n        <p><strong>Aadress:<\/strong> Rakvere 38A, J\u00f5hvi<br \/>\n<strong>Telefon:<\/strong> 3325855<br \/>\n<strong>Avatud:<\/strong> E-R 08:30-18:00, L 09:00-15:00<br \/>\n<strong>Kontakt:<\/strong> kauplus@silbet.ee<br \/>\n<strong>Veeb<\/strong>: <a href=\"http:\/\/www.silbet.ee\/kauplus\/\">www.silbet.ee<\/a><\/p>\n    <\/div>  \n<\/div><\/p>\n<div class=\"toggle\">\n    <h4 class=\"tab-index tab-closed\"><a href=\"#\" title=\"Open\"><span class=\"icon-plus-sign\"><\/span> Demitol<\/a><\/h4>\n    <div class=\"content-tab closed\">\n        <p><strong>Aadress:<\/strong> Kangelaste 3A, Narva<br \/>\n<strong>Telefon:<\/strong> 55521058<br \/>\n<strong>Avatud:<\/strong> E-R 10:00-19:00, L 09:00-16:00<br \/>\n<strong>Kontakt:<\/strong> santehnika.demitol@mail.ru<\/p>\n    <\/div>  \n<\/div><\/p>\n<div class=\"toggle\">\n    <h4 class=\"tab-index tab-closed\"><a href=\"#\" title=\"Open\"><span class=\"icon-plus-sign\"><\/span> Espak Narva<\/a><\/h4>\n    <div class=\"content-tab closed\">\n        <p><strong>Aadress:<\/strong> Rahu 36A, Narva<br \/>\n<strong>Telefon:<\/strong> 3566368<br \/>\n<strong>Avatud:<\/strong> E-R 09:00-18:30, L 09:00-15:00, P 09:00-15:00<br \/>\n<strong>E-mail:<\/strong> narva@espak.ee<br \/>\n<strong>Veeb: <\/strong><a href=\"http:\/\/bit.ly\/2QCgmPq\">www.espak.ee<\/a><\/p>\n    <\/div>  \n<\/div><\/p>\n","protected":false},"excerpt":{"rendered":"<p>Sch\u00f6nberg volitatud esindajad Eestis Tallinn Hiiu maakond Rapla maakond P\u00e4rnu maakond L\u00e4\u00e4ne-Viru maakond J\u00e4rva maakond Viljandi maakond J\u00f5geva maakond Tartu maakond Valga maakond P\u00f5lva maakond V\u00f5ru maakond Ida-Viru maakond<\/p>\n","protected":false},"author":456793,"featured_media":0,"parent":0,"menu_order":0,"comment_status":"closed","ping_status":"closed","template":"","meta":{"_acf_changed":false,"footnotes":""},"class_list":["post-88497","page","type-page","status-publish","hentry"],"acf":[],"_links":{"self":[{"href":"https:\/\/schonberg-bathrooms.com\/et\/wp-json\/wp\/v2\/pages\/88497","targetHints":{"allow":["GET"]}}],"collection":[{"href":"https:\/\/schonberg-bathrooms.com\/et\/wp-json\/wp\/v2\/pages"}],"about":[{"href":"https:\/\/schonberg-bathrooms.com\/et\/wp-json\/wp\/v2\/types\/page"}],"author":[{"embeddable":true,"href":"https:\/\/schonberg-bathrooms.com\/et\/wp-json\/wp\/v2\/users\/456793"}],"replies":[{"embeddable":true,"href":"https:\/\/schonberg-bathrooms.com\/et\/wp-json\/wp\/v2\/comments?post=88497"}],"version-history":[{"count":4,"href":"https:\/\/schonberg-bathrooms.com\/et\/wp-json\/wp\/v2\/pages\/88497\/revisions"}],"predecessor-version":[{"id":88640,"href":"https:\/\/schonberg-bathrooms.com\/et\/wp-json\/wp\/v2\/pages\/88497\/revisions\/88640"}],"wp:attachment":[{"href":"https:\/\/schonberg-bathrooms.com\/et\/wp-json\/wp\/v2\/media?parent=88497"}],"curies":[{"name":"wp","href":"https:\/\/api.w.org\/{rel}","templated":true}]}}