{"id":1167,"date":"2013-03-06T14:32:54","date_gmt":"2013-03-06T12:32:54","guid":{"rendered":"http:\/\/www.schonberg-bathrooms.com\/?post_type=product&#038;p=1167"},"modified":"2022-02-02T10:23:06","modified_gmt":"2022-02-02T08:23:06","slug":"kivivann-vertigo","status":"publish","type":"product","link":"https:\/\/schonberg-bathrooms.com\/et\/toode\/kivivann-vertigo\/","title":{"rendered":"Kivivann Vertigo"},"content":{"rendered":"<p>Vanni kaal: 142 kg (koos pakendiga 172 kg)<br \/>\nVanni mahutavus: maks. 312 L<\/p>\n<ul>\n<li>\u00c4ravool<\/li>\n<li>\u00dclevool puudub<\/li>\n<li>Matt ja l\u00e4ikiv versioon<\/li>\n<li>Reguleeritavad jalad<\/li>\n<\/ul>\n<p><strong>Kasutusjuhend<\/strong><\/p>\n<ul>\n<li><a href=\"https:\/\/schonberg-bathrooms.com\/wp-content\/uploads\/2013\/03\/Vertigo-joonis.pdf\" target=\"_blank\" rel=\"noopener\">Kivivann Vertigo joonis<\/a><\/li>\n<li><a href=\"https:\/\/www.schonberg-bathrooms.com\/wp-content\/uploads\/2013\/03\/Kivivanni-paigaldus..pdf\">Juhend: Kivivanni paigaldus<\/a><\/li>\n<li><a href=\"https:\/\/www.schonberg-bathrooms.com\/wp-content\/uploads\/2013\/03\/Kivivanni_hooldus_ja_puhastus.pdf\">Juhend: Kivivanni hooldus<\/a><\/li>\n<\/ul>\n","protected":false},"excerpt":{"rendered":"<p style=\"text-align: justify;\">Sch\u00f6nbergi uus kivi ja vesi vanni seeriad on inspireeritud naturaalsest loodusest ja modernsest disainist. Vannide voolujoonelisus ja k\u00e4ega katsutav \u201enaturaalne tunne\u201c toob teieni toote, mis muudab teie vannitoa kaunimaks ning teeb vannisk\u00e4imise m\u00f5nu eriti nauditavaks.<\/p>\n<p style=\"text-align: justify;\">Komposiitkivim on omaduste poolest identne naturaalsele kivimile oma kestvuse ja mitmekesisuse poolest. R\u00e4\u00e4kimata v\u00e4ga heast hinna eelisest. Kivimi koostisesse kuulub naturaalne kivim kuni 50%, erinevad vaigud ja akr\u00fc\u00fcl. Kestvuse poolest on kivimit hinnatud v\u00e4ga kindlaks. Peale selle on seda ka v\u00e4ga lihtne hooldada ja parandada. Sch\u00f6nberg annab k\u00f5ikidele komposiitkivimist vannidele 5a garantii.<\/p>\n[toggle title=\"M\u00f5\u00f5dud\" opened=\"no\" ] 1680 x 820 x 550 mm[\/toggle]\n","protected":false},"featured_media":1169,"template":"","meta":{"_acf_changed":false},"product_brand":[],"product_cat":[244],"product_tag":[],"class_list":{"0":"post-1167","1":"product","2":"type-product","3":"status-publish","4":"has-post-thumbnail","6":"product_cat-kivivannid","8":"first","9":"instock","10":"shipping-taxable","11":"product-type-simple","13":"group","14":null,"16":"with-border","17":"span3"},"acf":[],"_links":{"self":[{"href":"https:\/\/schonberg-bathrooms.com\/et\/wp-json\/wp\/v2\/product\/1167","targetHints":{"allow":["GET"]}}],"collection":[{"href":"https:\/\/schonberg-bathrooms.com\/et\/wp-json\/wp\/v2\/product"}],"about":[{"href":"https:\/\/schonberg-bathrooms.com\/et\/wp-json\/wp\/v2\/types\/product"}],"wp:featuredmedia":[{"embeddable":true,"href":"https:\/\/schonberg-bathrooms.com\/et\/wp-json\/wp\/v2\/media\/1169"}],"wp:attachment":[{"href":"https:\/\/schonberg-bathrooms.com\/et\/wp-json\/wp\/v2\/media?parent=1167"}],"wp:term":[{"taxonomy":"product_brand","embeddable":true,"href":"https:\/\/schonberg-bathrooms.com\/et\/wp-json\/wp\/v2\/product_brand?post=1167"},{"taxonomy":"product_cat","embeddable":true,"href":"https:\/\/schonberg-bathrooms.com\/et\/wp-json\/wp\/v2\/product_cat?post=1167"},{"taxonomy":"product_tag","embeddable":true,"href":"https:\/\/schonberg-bathrooms.com\/et\/wp-json\/wp\/v2\/product_tag?post=1167"}],"curies":[{"name":"wp","href":"https:\/\/api.w.org\/{rel}","templated":true}]}}