{"id":86522,"date":"2018-07-03T10:23:41","date_gmt":"2018-07-03T07:23:41","guid":{"rendered":"https:\/\/www.schonberg-bathrooms.com\/?post_type=product&#038;p=86522"},"modified":"2018-09-06T09:26:07","modified_gmt":"2018-09-06T06:26:07","slug":"vann-christen","status":"publish","type":"product","link":"https:\/\/schonberg-bathrooms.com\/et\/toode\/vann-christen\/","title":{"rendered":"Vann Christen"},"content":{"rendered":"<p>Vanni kaal: 65 kg<br \/>\nVanni mahutavus: maks. 279 L<\/p>\n<ul>\n<li>Akr\u00fc\u00fclseinad ja sisu<\/li>\n<li>Akr\u00fc\u00fcli paksus: 5 mm<\/li>\n<li>Sifoon<\/li>\n<li>\u00dclevool<\/li>\n<li>Reguleeritavad jalad<\/li>\n<\/ul>\n<h2>Kasutusjuhendid<\/h2>\n<ul>\n<li><a href=\"https:\/\/www.schonberg-bathrooms.com\/wp-content\/uploads\/2018\/07\/Vann-Christen.pdf\">Vann Christen joonis<\/a><\/li>\n<li><a href=\"https:\/\/www.schonberg-bathrooms.com\/wp-content\/uploads\/2018\/07\/Vannide-hooldusjuhend.pdf\">Vannide hooldusjuhend<\/a><\/li>\n<li><a href=\"https:\/\/www.schonberg-bathrooms.com\/wp-content\/uploads\/2018\/07\/Lihtvannide.juhend.pdf\">Vannide \u00fcldpaigaldusjuhend<\/a><\/li>\n<\/ul>\n","protected":false},"excerpt":{"rendered":"<div class=\"woocommerce-product-details__short-description\">\n<p style=\"text-align: justify;\">Sch\u00f6nberg Eleganz &amp; Wasser seeriasse kuuluv disainvann, mis t\u00e4nu oma materjalile on kerge ning sobilik igasse vannituppa. Christen on minimalistlik ent stiilne vann, mis muudab iga vannitoa elegantseks.<\/p>\n<p style=\"text-align: justify;\">Selle \u00fchtse akr\u00fc\u00fclkihiga \u201c\u00f5mblusteta\u201d vanni puhul on kasutatud puhast akr\u00fc\u00fcl, mis ei oma tervisele kahjulikku m\u00f5ju. Tavap\u00e4rase 2.6 mm paksuse akr\u00fc\u00fcli puhul on selle vanni tootmisel kasutatud 5 mm paksust, mis tagab vanni kvaliteedi. Paksem akr\u00fc\u00fcl muudab vanni tavap\u00e4rasest v\u00e4heke raskemaks, aga see-eest kindlustab selle pikaealisuse. Vanni tootmise juures on kasutatud ka puhtaid vaike, mis tugevdavad vanni kesta veelgi ning annab eelise teiste tootjate ees, kes kasutavad t\u00f6\u00f6stuslikke vaike.<\/p>\n[toggle title=\"M\u00f5\u00f5dud\" opened=\"no\" ] 1700 x 800 x 720 mm[\/toggle]\n<\/div>\n","protected":false},"featured_media":86541,"template":"","meta":{"_acf_changed":false},"product_brand":[],"product_cat":[225],"product_tag":[],"class_list":{"0":"post-86522","1":"product","2":"type-product","3":"status-publish","4":"has-post-thumbnail","6":"product_cat-disainvannid","8":"first","9":"instock","10":"shipping-taxable","11":"product-type-simple","13":"group","14":null,"16":"with-border","17":"span3"},"acf":[],"_links":{"self":[{"href":"https:\/\/schonberg-bathrooms.com\/et\/wp-json\/wp\/v2\/product\/86522","targetHints":{"allow":["GET"]}}],"collection":[{"href":"https:\/\/schonberg-bathrooms.com\/et\/wp-json\/wp\/v2\/product"}],"about":[{"href":"https:\/\/schonberg-bathrooms.com\/et\/wp-json\/wp\/v2\/types\/product"}],"wp:featuredmedia":[{"embeddable":true,"href":"https:\/\/schonberg-bathrooms.com\/et\/wp-json\/wp\/v2\/media\/86541"}],"wp:attachment":[{"href":"https:\/\/schonberg-bathrooms.com\/et\/wp-json\/wp\/v2\/media?parent=86522"}],"wp:term":[{"taxonomy":"product_brand","embeddable":true,"href":"https:\/\/schonberg-bathrooms.com\/et\/wp-json\/wp\/v2\/product_brand?post=86522"},{"taxonomy":"product_cat","embeddable":true,"href":"https:\/\/schonberg-bathrooms.com\/et\/wp-json\/wp\/v2\/product_cat?post=86522"},{"taxonomy":"product_tag","embeddable":true,"href":"https:\/\/schonberg-bathrooms.com\/et\/wp-json\/wp\/v2\/product_tag?post=86522"}],"curies":[{"name":"wp","href":"https:\/\/api.w.org\/{rel}","templated":true}]}}