{"id":86672,"date":"2018-07-07T11:32:02","date_gmt":"2018-07-07T08:32:02","guid":{"rendered":"https:\/\/www.schonberg-bathrooms.com\/?post_type=product&#038;p=86672"},"modified":"2018-09-06T10:03:57","modified_gmt":"2018-09-06T07:03:57","slug":"vann-karlos","status":"publish","type":"product","link":"https:\/\/schonberg-bathrooms.com\/et\/toode\/vann-karlos\/","title":{"rendered":"Vann Karlos"},"content":{"rendered":"<p>Vanni kaal: 50 kg<br \/>\nVanni mahutavus: 300 L<\/p>\n<ul>\n<li>Akr\u00fc\u00fclseinad ja sisu<\/li>\n<li>Akr\u00fc\u00fcli paksus: 5 mm<\/li>\n<li>Sifoon<\/li>\n<li>\u00dclevool<\/li>\n<li>Reguleeritavad jalad<\/li>\n<\/ul>\n<h2>Kasutusjuhendid<\/h2>\n<ul>\n<li><a href=\"https:\/\/www.schonberg-bathrooms.com\/wp-content\/uploads\/2018\/07\/Vann-Karlos-150.pdf\">Vann Karlos 150 joonis<\/a><\/li>\n<li><a href=\"https:\/\/www.schonberg-bathrooms.com\/wp-content\/uploads\/2018\/07\/Vann-Karlos-170.pdf\">Vann Karlos 170 joonis<\/a><\/li>\n<li><a href=\"https:\/\/www.schonberg-bathrooms.com\/wp-content\/uploads\/2018\/07\/Vannide-hooldusjuhend.pdf\">Vannide hooldusjuhend<\/a><\/li>\n<li><a href=\"https:\/\/www.schonberg-bathrooms.com\/wp-content\/uploads\/2018\/07\/Lihtvannide.juhend.pdf\">Vannide \u00fcldpaigaldusjuhend<\/a><\/li>\n<\/ul>\n","protected":false},"excerpt":{"rendered":"<p style=\"text-align: justify;\">Sch\u00f6nberg Eleganz &amp; Wasser seeriasse kuuluv disainvann, mis t\u00e4nu oma materjalile on kerge ning sobilik igasse vannituppa.<\/p>\n<p style=\"text-align: justify;\"><span class=\"st\">Vann Karlos kasutab t\u00e4nu oma kujule vannitoas ruumi otstarbekalt ning praktiliselt. Vanni voolujooneline kuju muudab vannisk\u00e4imise l\u00f5\u00f5gastavaks ning nauditavaks.<\/span><\/p>\n<p style=\"text-align: justify;\">Selle \u00fchtse akr\u00fc\u00fclkihiga \u201c\u00f5mblusteta\u201d vanni puhul on kasutatud puhast akr\u00fc\u00fcl, mis ei oma tervisele kahjulikku m\u00f5ju. Tavap\u00e4rase 2.6 mm paksuse akr\u00fc\u00fcli puhul on selle vanni tootmisel kasutatud 5 mm paksust, mis tagab vanni kvaliteedi. Paksem akr\u00fc\u00fcl muudab vanni tavap\u00e4rasest v\u00e4heke raskemaks, aga see-eest kindlustab selle pikaealisuse. Vanni tootmise juures on kasutatud ka puhtaid vaike, mis tugevdavad vanni kesta veelgi ning annab eelise teiste tootjate ees, kes kasutavad t\u00f6\u00f6stuslikke vaike.<\/p>\n<p style=\"text-align: justify;\">[toggle title=\"M\u00f5\u00f5dud\" opened=\"no\" ] 1500 x 850 x 570 mm<br \/>\n1700 x 880 x 580 mm<br \/>\n[\/toggle]<\/p>\n","protected":false},"featured_media":86685,"template":"","meta":{"_acf_changed":false},"product_brand":[],"product_cat":[225],"product_tag":[],"class_list":{"0":"post-86672","1":"product","2":"type-product","3":"status-publish","4":"has-post-thumbnail","6":"product_cat-disainvannid","8":"first","9":"instock","10":"shipping-taxable","11":"product-type-simple","13":"group","14":null,"16":"with-border","17":"span3"},"acf":[],"_links":{"self":[{"href":"https:\/\/schonberg-bathrooms.com\/et\/wp-json\/wp\/v2\/product\/86672","targetHints":{"allow":["GET"]}}],"collection":[{"href":"https:\/\/schonberg-bathrooms.com\/et\/wp-json\/wp\/v2\/product"}],"about":[{"href":"https:\/\/schonberg-bathrooms.com\/et\/wp-json\/wp\/v2\/types\/product"}],"wp:featuredmedia":[{"embeddable":true,"href":"https:\/\/schonberg-bathrooms.com\/et\/wp-json\/wp\/v2\/media\/86685"}],"wp:attachment":[{"href":"https:\/\/schonberg-bathrooms.com\/et\/wp-json\/wp\/v2\/media?parent=86672"}],"wp:term":[{"taxonomy":"product_brand","embeddable":true,"href":"https:\/\/schonberg-bathrooms.com\/et\/wp-json\/wp\/v2\/product_brand?post=86672"},{"taxonomy":"product_cat","embeddable":true,"href":"https:\/\/schonberg-bathrooms.com\/et\/wp-json\/wp\/v2\/product_cat?post=86672"},{"taxonomy":"product_tag","embeddable":true,"href":"https:\/\/schonberg-bathrooms.com\/et\/wp-json\/wp\/v2\/product_tag?post=86672"}],"curies":[{"name":"wp","href":"https:\/\/api.w.org\/{rel}","templated":true}]}}