{"id":88851,"date":"2021-06-04T13:01:30","date_gmt":"2021-06-04T10:01:30","guid":{"rendered":"https:\/\/schonberg-bathrooms.com\/?post_type=product&#038;p=88851"},"modified":"2022-02-02T10:01:52","modified_gmt":"2022-02-02T08:01:52","slug":"vann-chi","status":"publish","type":"product","link":"https:\/\/schonberg-bathrooms.com\/et\/toode\/vann-chi\/","title":{"rendered":"Vann Chi"},"content":{"rendered":"<p>Vanni kaal: 98 kg<br \/>\nVanni mahutavus: 264 L<\/p>\n<ul>\n<li>Materjal: s\u00fcnteetiline betoon ehk komposiitkivim<\/li>\n<li>\u00dclevooluta<\/li>\n<li>Jalgadeta<\/li>\n<li>V\u00e4line \u00fclevool tellimisel<\/li>\n<li>Garantii 7 aastat!<\/li>\n<\/ul>\n<h2>Kasutusjuhendid<\/h2>\n<ul>\n<li><em><a href=\"https:\/\/schonberg-bathrooms.com\/wp-content\/uploads\/2021\/06\/Kivivann-Chi-joonis.pdf\" target=\"_blank\" rel=\"noopener\">Kivivann Chi joonis<\/a><\/em><\/li>\n<\/ul>\n","protected":false},"excerpt":{"rendered":"<p style=\"text-align: justify;\"><b>NB! Tegemist on ilma jalgadeta, sifoonita ja pop-up katteta mudeliga. Chi jaoks tuleb ehitada k\u00f5rgendatud alus, kuhu mahutada \u00e4ravool.<\/b><\/p>\n<p style=\"text-align: justify;\">Kvaliteetne ning stiilne vann Chi on valmistatud s\u00fcnteetilisest betoonist. Voolujooneline kuju teeb vannis m\u00f5nulemise veelgi mugavamaks.<\/p>\n<p style=\"text-align: justify;\"><strong>Komposiitkivim on<\/strong>\u00a021. sajandi vannitoa m\u00e4rks\u00f5na. Selle materjaliga t\u00f6\u00f6deldud pinnad on \u00fclih\u00e4sti vormitavad, mis annab tootedisaineritele v\u00f5imaluse astuda sammu veel kaugemale, saavutamaks t\u00e4iuslikku tulemust. Erinevad kujud, kaldpinnad, materjali kvaliteet ja v\u00e4rvus \u2013 need on vaid m\u00f5ned komposiitkivimi v\u00f5imalustest!<\/p>\n<p style=\"text-align: justify;\">Komposiitkivim on kestvuse ja mitmekesisuse poolest identne naturaalse kivimiga. Materjali koostisesse kuulub naturaalne kivim kuni 75% osas, lisaks erinevad vaigud ja akr\u00fc\u00fcl. Kivivannid on erakordselt vastupidavad ning lihtsad hooldada. Too 21. sajand ka oma vannituppa!<\/p>\n[toggle title=\"M\u00f5\u00f5dud\" opened=\"no\" ] 1600 x 750 x 480 mm<br \/>\n[\/toggle]\n","protected":false},"featured_media":88871,"template":"","meta":{"_acf_changed":false},"product_brand":[],"product_cat":[244],"product_tag":[],"class_list":{"0":"post-88851","1":"product","2":"type-product","3":"status-publish","4":"has-post-thumbnail","6":"product_cat-kivivannid","8":"first","9":"instock","10":"shipping-taxable","11":"product-type-simple","13":"group","14":null,"16":"with-border","17":"span3"},"acf":[],"_links":{"self":[{"href":"https:\/\/schonberg-bathrooms.com\/et\/wp-json\/wp\/v2\/product\/88851","targetHints":{"allow":["GET"]}}],"collection":[{"href":"https:\/\/schonberg-bathrooms.com\/et\/wp-json\/wp\/v2\/product"}],"about":[{"href":"https:\/\/schonberg-bathrooms.com\/et\/wp-json\/wp\/v2\/types\/product"}],"wp:featuredmedia":[{"embeddable":true,"href":"https:\/\/schonberg-bathrooms.com\/et\/wp-json\/wp\/v2\/media\/88871"}],"wp:attachment":[{"href":"https:\/\/schonberg-bathrooms.com\/et\/wp-json\/wp\/v2\/media?parent=88851"}],"wp:term":[{"taxonomy":"product_brand","embeddable":true,"href":"https:\/\/schonberg-bathrooms.com\/et\/wp-json\/wp\/v2\/product_brand?post=88851"},{"taxonomy":"product_cat","embeddable":true,"href":"https:\/\/schonberg-bathrooms.com\/et\/wp-json\/wp\/v2\/product_cat?post=88851"},{"taxonomy":"product_tag","embeddable":true,"href":"https:\/\/schonberg-bathrooms.com\/et\/wp-json\/wp\/v2\/product_tag?post=88851"}],"curies":[{"name":"wp","href":"https:\/\/api.w.org\/{rel}","templated":true}]}}