{"id":88877,"date":"2021-06-04T13:12:12","date_gmt":"2021-06-04T10:12:12","guid":{"rendered":"https:\/\/schonberg-bathrooms.com\/?post_type=product&#038;p=88877"},"modified":"2022-02-02T10:01:09","modified_gmt":"2022-02-02T08:01:09","slug":"vann-aura","status":"publish","type":"product","link":"https:\/\/schonberg-bathrooms.com\/et\/toode\/vann-aura\/","title":{"rendered":"Vann Aura"},"content":{"rendered":"<p>Vanni kaal: 87 kg<br \/>\nVanni mahutavus: 293 L<\/p>\n<ul>\n<li>Materjal: s\u00fcnteetiline betoon ehk komposiitkivim<\/li>\n<li>\u00c4ravool (metall)<\/li>\n<li>\u00dclevooluta<\/li>\n<li>V\u00f5imalik soetada \u00e4ravoolu pop-up valge matt kate<\/li>\n<li>V\u00e4line \u00fclevool tellimisel<\/li>\n<li>Garantii 7 aastat!<\/li>\n<\/ul>\n<h2>Kasutusjuhendid<\/h2>\n<ul>\n<li><em><a href=\"https:\/\/schonberg-bathrooms.com\/wp-content\/uploads\/2021\/06\/Kivivann-Aura-joonis.pdf\" target=\"_blank\" rel=\"noopener\">Kivivann Aura joonis<\/a><\/em><\/li>\n<\/ul>\n","protected":false},"excerpt":{"rendered":"<p style=\"text-align: justify;\">Ovaalne s\u00fcnteetilisest betoonist vann Aura on vannitoa ehteks. Voolujooneline kuju teeb vannis m\u00f5nulemise veelgi mugavamaks.<\/p>\n<p style=\"text-align: justify;\"><strong>Komposiitkivim on<\/strong>\u00a021. sajandi vannitoa m\u00e4rks\u00f5na. Selle materjaliga t\u00f6\u00f6deldud pinnad on \u00fclih\u00e4sti vormitavad, mis annab tootedisaineritele v\u00f5imaluse astuda sammu veel kaugemale, saavutamaks t\u00e4iuslikku tulemust. Erinevad kujud, kaldpinnad, materjali kvaliteet ja v\u00e4rvus \u2013 need on vaid m\u00f5ned komposiitkivimi v\u00f5imalustest!<\/p>\n<p style=\"text-align: justify;\">Komposiitkivim on kestvuse ja mitmekesisuse poolest identne naturaalse kivimiga. Materjali koostisesse kuulub naturaalne kivim kuni 75% osas, lisaks erinevad vaigud ja akr\u00fc\u00fcl. Kivivannid on erakordselt vastupidavad ning lihtsad hooldada. Too 21. sajand ka oma vannituppa!<\/p>\n[toggle title=\"M\u00f5\u00f5dud\" opened=\"no\" ] 1600 x 740 x 600 mm<br \/>\n[\/toggle]\n","protected":false},"featured_media":88897,"template":"","meta":{"_acf_changed":false},"product_brand":[],"product_cat":[244],"product_tag":[],"class_list":{"0":"post-88877","1":"product","2":"type-product","3":"status-publish","4":"has-post-thumbnail","6":"product_cat-kivivannid","8":"first","9":"instock","10":"shipping-taxable","11":"product-type-simple","13":"group","14":null,"16":"with-border","17":"span3"},"acf":[],"_links":{"self":[{"href":"https:\/\/schonberg-bathrooms.com\/et\/wp-json\/wp\/v2\/product\/88877","targetHints":{"allow":["GET"]}}],"collection":[{"href":"https:\/\/schonberg-bathrooms.com\/et\/wp-json\/wp\/v2\/product"}],"about":[{"href":"https:\/\/schonberg-bathrooms.com\/et\/wp-json\/wp\/v2\/types\/product"}],"wp:featuredmedia":[{"embeddable":true,"href":"https:\/\/schonberg-bathrooms.com\/et\/wp-json\/wp\/v2\/media\/88897"}],"wp:attachment":[{"href":"https:\/\/schonberg-bathrooms.com\/et\/wp-json\/wp\/v2\/media?parent=88877"}],"wp:term":[{"taxonomy":"product_brand","embeddable":true,"href":"https:\/\/schonberg-bathrooms.com\/et\/wp-json\/wp\/v2\/product_brand?post=88877"},{"taxonomy":"product_cat","embeddable":true,"href":"https:\/\/schonberg-bathrooms.com\/et\/wp-json\/wp\/v2\/product_cat?post=88877"},{"taxonomy":"product_tag","embeddable":true,"href":"https:\/\/schonberg-bathrooms.com\/et\/wp-json\/wp\/v2\/product_tag?post=88877"}],"curies":[{"name":"wp","href":"https:\/\/api.w.org\/{rel}","templated":true}]}}