{"id":88988,"date":"2021-11-12T09:22:36","date_gmt":"2021-11-12T07:22:36","guid":{"rendered":"https:\/\/schonberg-bathrooms.com\/?post_type=product&#038;p=88988"},"modified":"2021-11-12T09:24:01","modified_gmt":"2021-11-12T07:24:01","slug":"kivivalamu-aura-400","status":"publish","type":"product","link":"https:\/\/schonberg-bathrooms.com\/et\/toode\/kivivalamu-aura-400\/","title":{"rendered":"Kivivalamu Aura 400"},"content":{"rendered":"<ul>\n<li>Pinnaviimistlus: l\u00e4ikiv<\/li>\n<li>Materjal: s\u00fcnteetiline betoon ehk komposiitkivim<\/li>\n<li><span class=\"st\">\u00dclej<\/span><span class=\"st\">ooksuta<\/span><\/li>\n<li>Antibakteriaalne<\/li>\n<li>Vastupidavus temperatuurimuutustele (Euroopa norm EN 14688)<\/li>\n<li>\u00dclilihtne puhastada<\/li>\n<li><span class=\"st\">\u00c4ravool komplektis<\/span><\/li>\n<\/ul>\n<h2>Kasutusjuhendid<\/h2>\n<ul>\n<li><a href=\"https:\/\/schonberg-bathrooms.com\/wp-content\/uploads\/2021\/11\/Kivivalamu-Aura-400.pdf\" target=\"_blank\" rel=\"noopener\">Kivivalamu Aura 400 joonis<\/a><\/li>\n<\/ul>\n","protected":false},"excerpt":{"rendered":"<p style=\"text-align: justify;\">Komposiitkivist\u00a0<span class=\"st\">pinnapealne l\u00e4ikiva\u00a0<\/span>pinnaga valamu, mis sobib kokku samast seeriast kivivanniga. Stiilne ning \u00fclimalt vastupidav valamu vannituppa, mis p\u00fc\u00fcab pilke.<\/p>\n<p style=\"text-align: justify;\"><strong>Komposiitkivim on<\/strong>\u00a021. sajandi vannitoa m\u00e4rks\u00f5na. Selle materjaliga t\u00f6\u00f6deldud pinnad on \u00fclih\u00e4sti vormitavad, mis annab tootedisaineritele v\u00f5imaluse astuda sammu veel kaugemale, saavutamaks t\u00e4iuslikku tulemust. Erinevad kujud, kaldpinnad, materjali kvaliteet ja v\u00e4rvus \u2013 need on vaid m\u00f5ned komposiitkivimi v\u00f5imalustest!<\/p>\n<p style=\"text-align: justify;\">Komposiitkivim on kestvuse ja mitmekesisuse poolest identne naturaalse kivimiga. Materjali koostisesse kuulub naturaalne kivim kuni 75% osas, lisaks erinevad vaigud ja akr\u00fc\u00fcl. Kivivannid on erakordselt vastupidavad ning perenaisele lihtne hooldada. Too 21. sajand ka oma vannituppa!<\/p>\n[toggle title=\"M\u00f5\u00f5dud\" opened=\"no\" ] 400 x 350 x 171 mm[\/toggle]\n","protected":false},"featured_media":88998,"template":"","meta":{"_acf_changed":false},"product_brand":[],"product_cat":[252],"product_tag":[],"class_list":{"0":"post-88988","1":"product","2":"type-product","3":"status-publish","4":"has-post-thumbnail","6":"product_cat-valamud","8":"first","9":"instock","10":"shipping-taxable","11":"product-type-simple","13":"group","14":null,"16":"with-border","17":"span3"},"acf":[],"_links":{"self":[{"href":"https:\/\/schonberg-bathrooms.com\/et\/wp-json\/wp\/v2\/product\/88988","targetHints":{"allow":["GET"]}}],"collection":[{"href":"https:\/\/schonberg-bathrooms.com\/et\/wp-json\/wp\/v2\/product"}],"about":[{"href":"https:\/\/schonberg-bathrooms.com\/et\/wp-json\/wp\/v2\/types\/product"}],"wp:featuredmedia":[{"embeddable":true,"href":"https:\/\/schonberg-bathrooms.com\/et\/wp-json\/wp\/v2\/media\/88998"}],"wp:attachment":[{"href":"https:\/\/schonberg-bathrooms.com\/et\/wp-json\/wp\/v2\/media?parent=88988"}],"wp:term":[{"taxonomy":"product_brand","embeddable":true,"href":"https:\/\/schonberg-bathrooms.com\/et\/wp-json\/wp\/v2\/product_brand?post=88988"},{"taxonomy":"product_cat","embeddable":true,"href":"https:\/\/schonberg-bathrooms.com\/et\/wp-json\/wp\/v2\/product_cat?post=88988"},{"taxonomy":"product_tag","embeddable":true,"href":"https:\/\/schonberg-bathrooms.com\/et\/wp-json\/wp\/v2\/product_tag?post=88988"}],"curies":[{"name":"wp","href":"https:\/\/api.w.org\/{rel}","templated":true}]}}