{"id":1374,"date":"2013-02-13T19:59:49","date_gmt":"2013-02-13T19:59:49","guid":{"rendered":"http:\/\/www.schonberg-bathrooms.com\/algus-2\/"},"modified":"2024-05-06T11:48:49","modified_gmt":"2024-05-06T08:48:49","slug":"algus","status":"publish","type":"page","link":"https:\/\/schonberg-bathrooms.com\/fi\/","title":{"rendered":"Kotisivu"},"content":{"rendered":"\n<div class=\"one-fourth \"><h3>Poreammeet<\/h3>\n<p><a href=\"\/?product_cat=kylpyammeet\/poreammeet\"><img loading=\"lazy\" decoding=\"async\" class=\"alignnone\" src=\"https:\/\/www.schonberg-bathrooms.com\/wp-content\/uploads\/2013\/02\/munic1.jpg\" alt=\"Vannid\" width=\"250\" height=\"200\" \/><\/a><\/p>\n<p style=\"text-align: justify;\">Nykyajan kylvyt eiv\u00e4t ole luotu vain pesemist\u00e4 varten. Koko vartalon hieronta halutulla intensiteetilla, valohoito, automaattinen kuuman veden l\u00e4mp\u00f6tilan yll\u00e4pito &#8211; kaikki edell\u00e4mainittu kuvaa Sch\u00f6nberg-kylpyj\u00e4.<\/p>\n<\/div>\n\n<div class=\"one-fourth \"><h3>Designia kylpyammeet<\/h3>\n<p style=\"text-align: justify;\"><a href=\"\/?product_cat=kylpyammeet\/designia-kylpyammeet\"><img loading=\"lazy\" decoding=\"async\" class=\"alignnone wp-image-86475 size-medium\" src=\"https:\/\/www.schonberg-bathrooms.com\/wp-content\/uploads\/2018\/07\/Disainvann.jpg\" alt=\"\" width=\"250\" height=\"200\" \/><\/a><\/p>\n<p style=\"text-align: justify;\"><span id=\"result_box\" class=\"\" lang=\"fi\" tabindex=\"-1\"><span class=\"\">Sch\u00f6nberg on sek\u00e4 klassisia, ett\u00e4 moderneja ja tyylipuhtaita ammeita. Kylpyammeet, joissa on erityinen ja erinomainen muotoilu. Valikoimastamme l\u00f6yd\u00e4tte sopivan ammeen, kylpyhuoneenne tyylist\u00e4 riippumatta. Kylpyammeet, jotka tekev\u00e4t kylpyhuoneesta tyylikk\u00e4\u00e4n.\u00a0<\/span><\/span><\/p>\n<\/div>\n\n<div class=\"one-fourth \"><h3>Kivi kulpyammeet<\/h3>\n<p><a href=\"\/?product_cat=kylpyammeet\/kivi-kylpyammeet\"><img loading=\"lazy\" decoding=\"async\" class=\"alignnone wp-image-86462 size-medium\" src=\"https:\/\/www.schonberg-bathrooms.com\/wp-content\/uploads\/2018\/07\/Vanessa-kivivann-300x240.jpg\" alt=\"\" width=\"250\" height=\"200\" \/><\/a><\/p>\n<p style=\"text-align: justify;\">Uusi kivinen Sch\u00f6nberg-kylpyammesarja saa inspiraationsa luonnosta ja modernista muotoilusta. Kylpyammeiden virtaviivainen muotoilu ja luonnollisuus muodostavat kokonaisuuden, joka lis\u00e4\u00e4 kylpyhuoneeseesi kauneutta ja tekee kylpemisest\u00e4 ylellisen nautittavaa.<\/p>\n<\/div>\n\n<div class=\"one-fourth last\"><h3>Pesuaaltat<\/h3>\n<p><a href=\"https:\/\/schonberg-bathrooms.com\/fi\/tuoteryhm\u00e4t\/pesualtaat\/\"><img loading=\"lazy\" decoding=\"async\" class=\"alignnone wp-image-86454 size-medium\" src=\"https:\/\/www.schonberg-bathrooms.com\/wp-content\/uploads\/2018\/07\/Callervo-kivivalamu-300x240.jpg\" alt=\"\" width=\"250\" height=\"200\" \/><\/a><\/p>\n<p style=\"text-align: justify;\">Sch\u00f6nberg tarjoaa monimutkaisia kivialtaita, jotka ovat luontaisesti luonnostaan samanlaisia kuin niiden kesto ja monimuotoisuus. Kivikoostumus sis\u00e4lt\u00e4\u00e4 luonnonkiven jopa 50%, erilaiset hartsit ja akryylit. Eritt\u00e4in kest\u00e4v\u00e4 ja helppo puhdistaa.<\/p>\n<\/div>\n","protected":false},"excerpt":{"rendered":"","protected":false},"author":456793,"featured_media":0,"parent":0,"menu_order":0,"comment_status":"closed","ping_status":"closed","template":"home.php","meta":{"_acf_changed":false,"footnotes":""},"class_list":["post-1374","page","type-page","status-publish","hentry"],"acf":[],"_links":{"self":[{"href":"https:\/\/schonberg-bathrooms.com\/fi\/wp-json\/wp\/v2\/pages\/1374","targetHints":{"allow":["GET"]}}],"collection":[{"href":"https:\/\/schonberg-bathrooms.com\/fi\/wp-json\/wp\/v2\/pages"}],"about":[{"href":"https:\/\/schonberg-bathrooms.com\/fi\/wp-json\/wp\/v2\/types\/page"}],"author":[{"embeddable":true,"href":"https:\/\/schonberg-bathrooms.com\/fi\/wp-json\/wp\/v2\/users\/456793"}],"replies":[{"embeddable":true,"href":"https:\/\/schonberg-bathrooms.com\/fi\/wp-json\/wp\/v2\/comments?post=1374"}],"version-history":[{"count":4,"href":"https:\/\/schonberg-bathrooms.com\/fi\/wp-json\/wp\/v2\/pages\/1374\/revisions"}],"predecessor-version":[{"id":88519,"href":"https:\/\/schonberg-bathrooms.com\/fi\/wp-json\/wp\/v2\/pages\/1374\/revisions\/88519"}],"wp:attachment":[{"href":"https:\/\/schonberg-bathrooms.com\/fi\/wp-json\/wp\/v2\/media?parent=1374"}],"curies":[{"name":"wp","href":"https:\/\/api.w.org\/{rel}","templated":true}]}}