{"id":88498,"date":"2019-05-29T12:37:47","date_gmt":"2019-05-29T09:37:47","guid":{"rendered":"https:\/\/schonberg-bathrooms.com\/edasimuujad-eestis\/"},"modified":"2024-05-06T11:48:17","modified_gmt":"2024-05-06T08:48:17","slug":"edasimuujad-eestis","status":"publish","type":"page","link":"https:\/\/schonberg-bathrooms.com\/fi\/edasimuujad-eestis\/","title":{"rendered":"J\u00e4lleenmyyj\u00e4t"},"content":{"rendered":"<h1>Sch\u00f6nberg j\u00e4lleenmyyj\u00e4t<\/h1>\n<div class=\"toggle\">\n    <h4 class=\"tab-index tab-closed\"><a href=\"#\" title=\"Open\"><span class=\"icon-plus-sign\"><\/span> Netrauta Finland Tammisto<\/a><\/h4>\n    <div class=\"content-tab closed\">\n        <p><strong>Osoite:<\/strong> Valimotie 18, Vantaa 01510<br \/>\n<strong>Puhelin:<\/strong> 020 7500 424<br \/>\n<strong>Avoinna:<\/strong> MA-PE 10-20, LA 10-18<br \/>\n<strong>WWW:<\/strong> <a href=\"https:\/\/www.netrauta.fi\">www.netrauta.fi<\/a><\/p>\n    <\/div>  \n<\/div><\/p>\n<div class=\"toggle\">\n    <h4 class=\"tab-index tab-closed\"><a href=\"#\" title=\"Open\"><span class=\"icon-plus-sign\"><\/span> Netrauta Finland Ideapark<\/a><\/h4>\n    <div class=\"content-tab closed\">\n        <p><strong>Osoite:<\/strong> Ideaparkinkatu 4, Lemp\u00e4\u00e4l\u00e4<br \/>\n<strong>Puhelin:<\/strong> 020 7500 425<br \/>\n<strong>Avoinna:<\/strong> MA-PE 10-20, LA 10-18, SU 12-18<br \/>\n<strong>WWW:<\/strong> <a href=\"https:\/\/www.netrauta.fi\">www.netrauta.fi<\/a><\/p>\n    <\/div>  \n<\/div><\/p>\n<div class=\"toggle\">\n    <h4 class=\"tab-index tab-closed\"><a href=\"#\" title=\"Open\"><span class=\"icon-plus-sign\"><\/span> SanSan<\/a><\/h4>\n    <div class=\"content-tab closed\">\n        <p><strong>Puhelin:<\/strong> (09) 2316 5577<br \/>\n<strong>WWW:<\/strong> <a href=\"https:\/\/www.sansan.fi\">www.sansan.fi<\/a><\/p>\n    <\/div>  \n<\/div><\/p>\n<div class=\"toggle\">\n    <h4 class=\"tab-index tab-closed\"><a href=\"#\" title=\"Open\"><span class=\"icon-plus-sign\"><\/span> Interbauen<\/a><\/h4>\n    <div class=\"content-tab closed\">\n        <p><strong>WWW:<\/strong> <a href=\"https:\/\/www.interbauen.fi\">www.interbauen.fi<\/a><\/p>\n    <\/div>  \n<\/div><\/p>\n","protected":false},"excerpt":{"rendered":"<p>Sch\u00f6nberg j\u00e4lleenmyyj\u00e4t<\/p>\n","protected":false},"author":456793,"featured_media":0,"parent":0,"menu_order":0,"comment_status":"closed","ping_status":"closed","template":"","meta":{"_acf_changed":false,"footnotes":""},"class_list":["post-88498","page","type-page","status-publish","hentry"],"acf":[],"_links":{"self":[{"href":"https:\/\/schonberg-bathrooms.com\/fi\/wp-json\/wp\/v2\/pages\/88498","targetHints":{"allow":["GET"]}}],"collection":[{"href":"https:\/\/schonberg-bathrooms.com\/fi\/wp-json\/wp\/v2\/pages"}],"about":[{"href":"https:\/\/schonberg-bathrooms.com\/fi\/wp-json\/wp\/v2\/types\/page"}],"author":[{"embeddable":true,"href":"https:\/\/schonberg-bathrooms.com\/fi\/wp-json\/wp\/v2\/users\/456793"}],"replies":[{"embeddable":true,"href":"https:\/\/schonberg-bathrooms.com\/fi\/wp-json\/wp\/v2\/comments?post=88498"}],"version-history":[{"count":3,"href":"https:\/\/schonberg-bathrooms.com\/fi\/wp-json\/wp\/v2\/pages\/88498\/revisions"}],"predecessor-version":[{"id":88631,"href":"https:\/\/schonberg-bathrooms.com\/fi\/wp-json\/wp\/v2\/pages\/88498\/revisions\/88631"}],"wp:attachment":[{"href":"https:\/\/schonberg-bathrooms.com\/fi\/wp-json\/wp\/v2\/media?parent=88498"}],"curies":[{"name":"wp","href":"https:\/\/api.w.org\/{rel}","templated":true}]}}