{"id":1842,"date":"2013-03-12T13:30:47","date_gmt":"2013-03-12T11:30:47","guid":{"rendered":"http:\/\/www.schonberg-bathrooms.com\/product\/bathtub-jacob-2\/"},"modified":"2019-06-19T11:19:02","modified_gmt":"2019-06-19T08:19:02","slug":"kylpyamme-soren","status":"publish","type":"product","link":"https:\/\/schonberg-bathrooms.com\/fi\/tuote\/kylpyamme-soren\/","title":{"rendered":"Kylpyamme S\u00f6ren"},"content":{"rendered":"<p>Paino: 55 kg<br \/>\nVesis\u00e4ili\u00f6n tilavuus: 230-290 L<\/p>\n<p>Akryyli sein\u00e4t ja sis\u00e4lt\u00f6<br \/>\nPoistovesiputki<br \/>\nPop-up viem\u00e4r\u00f6inti<\/p>\n<h2>Ohjekirjat<\/h2>\n<ul>\n<li><a href=\"https:\/\/www.schonberg-bathrooms.com\/wp-content\/uploads\/2018\/07\/S\u00f6ren-150-joonis.pdf\">S\u00f6ren 150 tekninen piirustus<\/a><\/li>\n<li><a href=\"https:\/\/www.schonberg-bathrooms.com\/wp-content\/uploads\/2018\/07\/S\u00f6ren-160-joonis.pdf\">S\u00f6ren 160 tekninen piirustus<\/a><\/li>\n<li><a href=\"https:\/\/www.schonberg-bathrooms.com\/wp-content\/uploads\/2018\/07\/S\u00f6ren.pdf\">S\u00f6ren 170 tekninen piirustus<\/a><\/li>\n<\/ul>\n","protected":false},"excerpt":{"rendered":"<p style=\"text-align: justify;\">Skandinaavisen muotoilun inspiroima kylpyamme tuo kylpyhuoneeseen raikkautta ja tekee siit\u00e4 ajattoman.<\/p>\n[toggle title=\"Ulkomitat\" opened=\"no\" ] 1700 x 750 x 580 mm<br \/>\n1490 \u00d7 710 \u00d7 580 mm<br \/>\n1600 x 750 x 580 mm [\/toggle]\n","protected":false},"featured_media":84842,"template":"","meta":{"_acf_changed":false},"product_brand":[],"product_cat":[230],"product_tag":[],"class_list":{"0":"post-1842","1":"product","2":"type-product","3":"status-publish","4":"has-post-thumbnail","6":"product_cat-designia-kylpyammeet","8":"first","9":"instock","10":"shipping-taxable","11":"product-type-simple","13":"group","14":null,"16":"with-border","17":"span3"},"acf":[],"_links":{"self":[{"href":"https:\/\/schonberg-bathrooms.com\/fi\/wp-json\/wp\/v2\/product\/1842","targetHints":{"allow":["GET"]}}],"collection":[{"href":"https:\/\/schonberg-bathrooms.com\/fi\/wp-json\/wp\/v2\/product"}],"about":[{"href":"https:\/\/schonberg-bathrooms.com\/fi\/wp-json\/wp\/v2\/types\/product"}],"wp:featuredmedia":[{"embeddable":true,"href":"https:\/\/schonberg-bathrooms.com\/fi\/wp-json\/wp\/v2\/media\/84842"}],"wp:attachment":[{"href":"https:\/\/schonberg-bathrooms.com\/fi\/wp-json\/wp\/v2\/media?parent=1842"}],"wp:term":[{"taxonomy":"product_brand","embeddable":true,"href":"https:\/\/schonberg-bathrooms.com\/fi\/wp-json\/wp\/v2\/product_brand?post=1842"},{"taxonomy":"product_cat","embeddable":true,"href":"https:\/\/schonberg-bathrooms.com\/fi\/wp-json\/wp\/v2\/product_cat?post=1842"},{"taxonomy":"product_tag","embeddable":true,"href":"https:\/\/schonberg-bathrooms.com\/fi\/wp-json\/wp\/v2\/product_tag?post=1842"}],"curies":[{"name":"wp","href":"https:\/\/api.w.org\/{rel}","templated":true}]}}