{"id":2044,"date":"2013-03-06T14:32:54","date_gmt":"2013-03-06T12:32:54","guid":{"rendered":"http:\/\/www.schonberg-bathrooms.com\/product\/%d0%ba%d0%b0%d0%bc%d0%b5%d0%bd%d0%bd%d1%8b%d0%b5-%d0%b2%d0%b0%d0%bd%d0%bd%d1%8b-vertigo-2\/"},"modified":"2021-11-22T09:12:05","modified_gmt":"2021-11-22T07:12:05","slug":"kivi-kylpyamme-vertigo","status":"publish","type":"product","link":"https:\/\/schonberg-bathrooms.com\/fi\/tuote\/kivi-kylpyamme-vertigo\/","title":{"rendered":"Kivi kylpyamme Vertigo"},"content":{"rendered":"<p>Tuotteen paino: 142 kg (ilman vett\u00e4 ja ihmisi\u00e4)<br \/>\nTilavuus: 312 L<\/p>\n<ul>\n<li>Materiaali komposiittikivi<\/li>\n<li>S\u00e4\u00e4dett\u00e4v\u00e4t jalat<\/li>\n<li>Takuu 5 vuotta<\/li>\n<\/ul>\n<h2>Ohjekirjat<\/h2>\n<ul>\n<li><a href=\"https:\/\/schonberg-bathrooms.com\/wp-content\/uploads\/2013\/03\/Vertigo-joonis.pdf\">Vertigo tekninen piirustus<\/a><\/li>\n<\/ul>\n","protected":false},"excerpt":{"rendered":"<p style=\"text-align: justify;\">Uusi kivinen Sch\u00f6nberg-kylpyammesarja saa inspiraationsa luonnosta ja modernista muotoilusta. Kylpyammeiden virtaviivainen muotoilu ja luonnollisuus muodostavat kokonaisuuden, joka lis\u00e4\u00e4 kylpyhuoneeseesi kauneutta ja tekee kylpemisest\u00e4 ylellisen nautittavaa.<\/p>\n<p style=\"text-align: justify;\">Komposiittikivi on kuin luonnonkivi kest\u00e4vyydelt\u00e4\u00e4n ja ominaisuuksiltaan. Puhumattakaan houkuttelevan edullisesta hinnastaan! Komposiittikivi on muodostettu luonnonkivest\u00e4 (jopa 50 %), hartsista ja akryylist\u00e4. Sen kest\u00e4vyys on luokiteltu eritt\u00e4in luotettavaksi. T\u00e4m\u00e4 materiaali on my\u00f6s eritt\u00e4in miellytt\u00e4v\u00e4 hoitaa ja korjata. Sch\u00f6nberg antaa viiden vuoden takuun kaikille komposiittikivisille kylpyammeille.<\/p>\n[toggle title=\"Ulkomitat\" opened=\"no\" ] 1680 x 820 x 550 mm[\/toggle]\n","protected":false},"featured_media":80472,"template":"","meta":{"_acf_changed":false},"product_brand":[],"product_cat":[245],"product_tag":[],"class_list":{"0":"post-2044","1":"product","2":"type-product","3":"status-publish","4":"has-post-thumbnail","6":"product_cat-kivi-kylpyammeet","8":"first","9":"instock","10":"shipping-taxable","11":"product-type-simple","13":"group","14":null,"16":"with-border","17":"span3"},"acf":[],"_links":{"self":[{"href":"https:\/\/schonberg-bathrooms.com\/fi\/wp-json\/wp\/v2\/product\/2044","targetHints":{"allow":["GET"]}}],"collection":[{"href":"https:\/\/schonberg-bathrooms.com\/fi\/wp-json\/wp\/v2\/product"}],"about":[{"href":"https:\/\/schonberg-bathrooms.com\/fi\/wp-json\/wp\/v2\/types\/product"}],"wp:featuredmedia":[{"embeddable":true,"href":"https:\/\/schonberg-bathrooms.com\/fi\/wp-json\/wp\/v2\/media\/80472"}],"wp:attachment":[{"href":"https:\/\/schonberg-bathrooms.com\/fi\/wp-json\/wp\/v2\/media?parent=2044"}],"wp:term":[{"taxonomy":"product_brand","embeddable":true,"href":"https:\/\/schonberg-bathrooms.com\/fi\/wp-json\/wp\/v2\/product_brand?post=2044"},{"taxonomy":"product_cat","embeddable":true,"href":"https:\/\/schonberg-bathrooms.com\/fi\/wp-json\/wp\/v2\/product_cat?post=2044"},{"taxonomy":"product_tag","embeddable":true,"href":"https:\/\/schonberg-bathrooms.com\/fi\/wp-json\/wp\/v2\/product_tag?post=2044"}],"curies":[{"name":"wp","href":"https:\/\/api.w.org\/{rel}","templated":true}]}}