{"id":86785,"date":"2018-07-09T13:31:14","date_gmt":"2018-07-09T10:31:14","guid":{"rendered":"https:\/\/www.schonberg-bathrooms.com\/product\/kylpyamme-hedin\/"},"modified":"2019-05-30T19:03:00","modified_gmt":"2019-05-30T16:03:00","slug":"kylpyamme-hedin","status":"publish","type":"product","link":"https:\/\/schonberg-bathrooms.com\/fi\/tuote\/kylpyamme-hedin\/","title":{"rendered":"Kylpyamme Hedin"},"content":{"rendered":"<p>Paino: 55 kg<br \/>\nVesis\u00e4ili\u00f6n tilavuus: 310 L<\/p>\n<ul>\n<li>Akryyli sein\u00e4t ja sis\u00e4lt\u00f6<\/li>\n<li><span id=\"result_box\" class=\"\" lang=\"fi\"><span class=\"\">Akryylin paksuus: 5 mm<\/span><\/span><\/li>\n<li>Poistovesiputki<\/li>\n<li><span id=\"result_box\" class=\"\" lang=\"fi\"><span class=\"\">S\u00e4\u00e4dett\u00e4v\u00e4t jalat<\/span><\/span><\/li>\n<\/ul>\n<h2>Ohjekirjat<\/h2>\n<ul>\n<li><a href=\"https:\/\/www.schonberg-bathrooms.com\/wp-content\/uploads\/2018\/07\/Vann-Hedin-joonis.pdf\">Hedin tekninen piirustus<\/a><\/li>\n<\/ul>\n","protected":false},"excerpt":{"rendered":"<p style=\"text-align: justify;\">[toggle title=\"Ulkomitat\" opened=\"no\" ] 1590 x 800 x 550 mm [\/toggle]<\/p>\n","protected":false},"featured_media":86780,"template":"","meta":{"_acf_changed":false},"product_brand":[],"product_cat":[230],"product_tag":[],"class_list":{"0":"post-86785","1":"product","2":"type-product","3":"status-publish","4":"has-post-thumbnail","6":"product_cat-designia-kylpyammeet","8":"first","9":"instock","10":"shipping-taxable","11":"product-type-simple","13":"group","14":null,"16":"with-border","17":"span3"},"acf":[],"_links":{"self":[{"href":"https:\/\/schonberg-bathrooms.com\/fi\/wp-json\/wp\/v2\/product\/86785","targetHints":{"allow":["GET"]}}],"collection":[{"href":"https:\/\/schonberg-bathrooms.com\/fi\/wp-json\/wp\/v2\/product"}],"about":[{"href":"https:\/\/schonberg-bathrooms.com\/fi\/wp-json\/wp\/v2\/types\/product"}],"wp:featuredmedia":[{"embeddable":true,"href":"https:\/\/schonberg-bathrooms.com\/fi\/wp-json\/wp\/v2\/media\/86780"}],"wp:attachment":[{"href":"https:\/\/schonberg-bathrooms.com\/fi\/wp-json\/wp\/v2\/media?parent=86785"}],"wp:term":[{"taxonomy":"product_brand","embeddable":true,"href":"https:\/\/schonberg-bathrooms.com\/fi\/wp-json\/wp\/v2\/product_brand?post=86785"},{"taxonomy":"product_cat","embeddable":true,"href":"https:\/\/schonberg-bathrooms.com\/fi\/wp-json\/wp\/v2\/product_cat?post=86785"},{"taxonomy":"product_tag","embeddable":true,"href":"https:\/\/schonberg-bathrooms.com\/fi\/wp-json\/wp\/v2\/product_tag?post=86785"}],"curies":[{"name":"wp","href":"https:\/\/api.w.org\/{rel}","templated":true}]}}