{"id":88069,"date":"2018-07-18T14:53:27","date_gmt":"2018-07-18T11:53:27","guid":{"rendered":"https:\/\/www.schonberg-bathrooms.com\/product\/suihkunurkkaus-genius\/"},"modified":"2018-07-18T14:53:27","modified_gmt":"2018-07-18T11:53:27","slug":"suihkunurkkaus-genius","status":"publish","type":"product","link":"https:\/\/schonberg-bathrooms.com\/fi\/tuote\/suihkunurkkaus-genius\/","title":{"rendered":"Suihkunurkkaus Genius"},"content":{"rendered":"<ul>\n<li>6 mm turvalasi<\/li>\n<li><span class=\"\" lang=\"fi\"><span class=\"\" lang=\"fi\"><span class=\"alt-edited\">Messinki kannettavat osat (saranat, vetimet) ja kromi profiileja.<\/span><\/span><\/span><\/li>\n<li><span id=\"result_box\" class=\"short_text\" lang=\"fi\"><span class=\"\">S\u00e4\u00e4dett\u00e4v\u00e4t profiilit 0,5 \u2013 1,5 cm.<\/span><\/span><\/li>\n<li><span id=\"result_box\" class=\"short_text\" lang=\"fi\"><span class=\"\">Kaksi erilaista lasia (kirkas ja grafiitti).<\/span><\/span><\/li>\n<\/ul>\n","protected":false},"excerpt":{"rendered":"<p style=\"text-align: justify;\"><span class=\"\" lang=\"fi\">Minimalistinen <\/span><span id=\"result_box\" class=\"\" lang=\"fi\"><span id=\"result_box\" class=\"short_text\" lang=\"fi\">kaareva <\/span>suihkunurkkaus, saatavana kahdessa koossa.<\/span><\/p>\n<p style=\"text-align: justify;\">[toggle title=\"Ulkomitat\" opened=\"no\" ] 900 x 900 x 1900 mm<br \/>\n[\/toggle]<\/p>\n","protected":false},"featured_media":87095,"template":"","meta":{"_acf_changed":false},"product_brand":[],"product_cat":[226],"product_tag":[],"class_list":{"0":"post-88069","1":"product","2":"type-product","3":"status-publish","4":"has-post-thumbnail","6":"product_cat-suihkunurkat","8":"first","9":"instock","10":"shipping-taxable","11":"product-type-simple","13":"group","14":null,"16":"with-border","17":"span3"},"acf":[],"_links":{"self":[{"href":"https:\/\/schonberg-bathrooms.com\/fi\/wp-json\/wp\/v2\/product\/88069","targetHints":{"allow":["GET"]}}],"collection":[{"href":"https:\/\/schonberg-bathrooms.com\/fi\/wp-json\/wp\/v2\/product"}],"about":[{"href":"https:\/\/schonberg-bathrooms.com\/fi\/wp-json\/wp\/v2\/types\/product"}],"wp:featuredmedia":[{"embeddable":true,"href":"https:\/\/schonberg-bathrooms.com\/fi\/wp-json\/wp\/v2\/media\/87095"}],"wp:attachment":[{"href":"https:\/\/schonberg-bathrooms.com\/fi\/wp-json\/wp\/v2\/media?parent=88069"}],"wp:term":[{"taxonomy":"product_brand","embeddable":true,"href":"https:\/\/schonberg-bathrooms.com\/fi\/wp-json\/wp\/v2\/product_brand?post=88069"},{"taxonomy":"product_cat","embeddable":true,"href":"https:\/\/schonberg-bathrooms.com\/fi\/wp-json\/wp\/v2\/product_cat?post=88069"},{"taxonomy":"product_tag","embeddable":true,"href":"https:\/\/schonberg-bathrooms.com\/fi\/wp-json\/wp\/v2\/product_tag?post=88069"}],"curies":[{"name":"wp","href":"https:\/\/api.w.org\/{rel}","templated":true}]}}