{"id":88074,"date":"2018-07-18T15:14:04","date_gmt":"2018-07-18T12:14:04","guid":{"rendered":"https:\/\/www.schonberg-bathrooms.com\/product\/suihkunurkkaus-sandro\/"},"modified":"2018-07-18T15:14:04","modified_gmt":"2018-07-18T12:14:04","slug":"suihkunurkkaus-sandro","status":"publish","type":"product","link":"https:\/\/schonberg-bathrooms.com\/fi\/tuote\/suihkunurkkaus-sandro\/","title":{"rendered":"Suihkunurkkaus Sandro"},"content":{"rendered":"<ul>\n<li>6 mm turvalasi.<\/li>\n<li><span class=\"\" lang=\"fi\"><span class=\"\" lang=\"fi\"><span class=\"alt-edited\">Messinki kannettavat osat (saranat, vetimet) ja kromi profiileja.<\/span><\/span><\/span><\/li>\n<li><span id=\"result_box\" class=\"short_text\" lang=\"fi\">Saranat nostavat ovea.<\/span><\/li>\n<li><span id=\"result_box\" class=\"short_text\" lang=\"fi\"><span class=\"\">S\u00e4\u00e4dett\u00e4v\u00e4t profiilit 1,5 cm.<\/span><\/span><\/li>\n<li><span id=\"result_box\" class=\"short_text\" lang=\"fi\"><span class=\"\">Ovi voidaan avata sis\u00e4\u00e4n ja ulos.<\/span><\/span><\/li>\n<li><span id=\"result_box\" class=\"short_text\" lang=\"fi\"><span class=\"\">Vesitiiviit tiivisteet lattialle.<\/span><\/span><\/li>\n<li><span id=\"result_box\" class=\"short_text\" lang=\"fi\"><span class=\"\">Mukautetut mittaukset.<\/span><\/span><\/li>\n<\/ul>\n","protected":false},"excerpt":{"rendered":"<p style=\"text-align: justify;\"><span id=\"result_box\" class=\"\" lang=\"fi\"><span class=\"\">Minimalistinen suihkukulma, saatavana erikokoisina.<\/span><\/span><\/p>\n[toggle title=\"Ulkomitat\" opened=\"no\" ] 1000 x 800 x 1950 mm<br \/>\n1000 x 900 x 1950 mm<br \/>\n1200 x 900 x 1950 mm<br \/>\n[\/toggle]\n","protected":false},"featured_media":87106,"template":"","meta":{"_acf_changed":false},"product_brand":[],"product_cat":[226],"product_tag":[],"class_list":{"0":"post-88074","1":"product","2":"type-product","3":"status-publish","4":"has-post-thumbnail","6":"product_cat-suihkunurkat","8":"first","9":"instock","10":"shipping-taxable","11":"product-type-simple","13":"group","14":null,"16":"with-border","17":"span3"},"acf":[],"_links":{"self":[{"href":"https:\/\/schonberg-bathrooms.com\/fi\/wp-json\/wp\/v2\/product\/88074","targetHints":{"allow":["GET"]}}],"collection":[{"href":"https:\/\/schonberg-bathrooms.com\/fi\/wp-json\/wp\/v2\/product"}],"about":[{"href":"https:\/\/schonberg-bathrooms.com\/fi\/wp-json\/wp\/v2\/types\/product"}],"wp:featuredmedia":[{"embeddable":true,"href":"https:\/\/schonberg-bathrooms.com\/fi\/wp-json\/wp\/v2\/media\/87106"}],"wp:attachment":[{"href":"https:\/\/schonberg-bathrooms.com\/fi\/wp-json\/wp\/v2\/media?parent=88074"}],"wp:term":[{"taxonomy":"product_brand","embeddable":true,"href":"https:\/\/schonberg-bathrooms.com\/fi\/wp-json\/wp\/v2\/product_brand?post=88074"},{"taxonomy":"product_cat","embeddable":true,"href":"https:\/\/schonberg-bathrooms.com\/fi\/wp-json\/wp\/v2\/product_cat?post=88074"},{"taxonomy":"product_tag","embeddable":true,"href":"https:\/\/schonberg-bathrooms.com\/fi\/wp-json\/wp\/v2\/product_tag?post=88074"}],"curies":[{"name":"wp","href":"https:\/\/api.w.org\/{rel}","templated":true}]}}