{"id":88225,"date":"2018-07-24T11:44:22","date_gmt":"2018-07-24T08:44:22","guid":{"rendered":"https:\/\/www.schonberg-bathrooms.com\/product\/suihkunurkkaus-komfort\/"},"modified":"2018-07-24T11:44:22","modified_gmt":"2018-07-24T08:44:22","slug":"suihkunurkkaus-komfort","status":"publish","type":"product","link":"https:\/\/schonberg-bathrooms.com\/fi\/tuote\/suihkunurkkaus-komfort\/","title":{"rendered":"Suihkunurkkaus Komfort"},"content":{"rendered":"<ul>\n<li><span id=\"result_box\" class=\"\" lang=\"fi\">6 mm turvalasi.<\/span><\/li>\n<li><span id=\"result_box\" class=\"\" lang=\"fi\">3 cm s\u00e4\u00e4dett\u00e4v\u00e4 leveys.<\/span><\/li>\n<li><span id=\"result_box\" class=\"\" lang=\"fi\"><span class=\"\">Lasin valinta (harmaa ja kirkas).<\/span><\/span><\/li>\n<li><span id=\"result_box\" class=\"\" lang=\"fi\">Magneettinen tiiviste.<\/span><\/li>\n<\/ul>\n<h2>Ohjekirjat<\/h2>\n<ul>\n<li><a href=\"https:\/\/www.schonberg-bathrooms.com\/wp-content\/uploads\/2018\/07\/Du\u0161inurk-Komfort-paigaldjuhend.pdf\">Komfort k\u00e4ytt\u00f6ohje<\/a><\/li>\n<\/ul>\n","protected":false},"excerpt":{"rendered":"<p style=\"text-align: justify;\">[toggle title=\"Ulkomitat\" opened=\"no\" ] 800 x 800 x 1950 mm<br \/>\n900 x 900 x 1950 mm<br \/>\n[\/toggle]<\/p>\n","protected":false},"featured_media":87785,"template":"","meta":{"_acf_changed":false},"product_brand":[],"product_cat":[226],"product_tag":[],"class_list":{"0":"post-88225","1":"product","2":"type-product","3":"status-publish","4":"has-post-thumbnail","6":"product_cat-suihkunurkat","8":"first","9":"instock","10":"shipping-taxable","11":"product-type-simple","13":"group","14":null,"16":"with-border","17":"span3"},"acf":[],"_links":{"self":[{"href":"https:\/\/schonberg-bathrooms.com\/fi\/wp-json\/wp\/v2\/product\/88225","targetHints":{"allow":["GET"]}}],"collection":[{"href":"https:\/\/schonberg-bathrooms.com\/fi\/wp-json\/wp\/v2\/product"}],"about":[{"href":"https:\/\/schonberg-bathrooms.com\/fi\/wp-json\/wp\/v2\/types\/product"}],"wp:featuredmedia":[{"embeddable":true,"href":"https:\/\/schonberg-bathrooms.com\/fi\/wp-json\/wp\/v2\/media\/87785"}],"wp:attachment":[{"href":"https:\/\/schonberg-bathrooms.com\/fi\/wp-json\/wp\/v2\/media?parent=88225"}],"wp:term":[{"taxonomy":"product_brand","embeddable":true,"href":"https:\/\/schonberg-bathrooms.com\/fi\/wp-json\/wp\/v2\/product_brand?post=88225"},{"taxonomy":"product_cat","embeddable":true,"href":"https:\/\/schonberg-bathrooms.com\/fi\/wp-json\/wp\/v2\/product_cat?post=88225"},{"taxonomy":"product_tag","embeddable":true,"href":"https:\/\/schonberg-bathrooms.com\/fi\/wp-json\/wp\/v2\/product_tag?post=88225"}],"curies":[{"name":"wp","href":"https:\/\/api.w.org\/{rel}","templated":true}]}}