{"id":88229,"date":"2018-07-24T11:51:02","date_gmt":"2018-07-24T08:51:02","guid":{"rendered":"https:\/\/www.schonberg-bathrooms.com\/product\/suihkunurkkaus-renata\/"},"modified":"2018-07-24T11:51:02","modified_gmt":"2018-07-24T08:51:02","slug":"suihkunurkkaus-renata","status":"publish","type":"product","link":"https:\/\/schonberg-bathrooms.com\/fi\/tuote\/suihkunurkkaus-renata\/","title":{"rendered":"Suihkunurkkaus Renata"},"content":{"rendered":"<ul>\n<li><span id=\"result_box\" class=\"\" lang=\"fi\">Nano-p\u00e4\u00e4llystetty 6 mm lasi.<\/span><\/li>\n<li><span id=\"result_box\" class=\"\" lang=\"fi\"><span class=\"alt-edited\">Liikkuvat osat messinki\u00e4 (saranat, vetimet) ja kromi profiileja.<\/span><\/span><\/li>\n<li><span id=\"result_box\" class=\"\" lang=\"fi\">S\u00e4\u00e4dett\u00e4v\u00e4t profiilit 1,5 cm.<\/span><\/li>\n<li><span id=\"result_box\" class=\"\" lang=\"fi\">Vesitiiviit tiivisteet lattialle.<\/span><\/li>\n<li><span id=\"result_box\" class=\"\" lang=\"fi\">Eri ulottuvuudet.<\/span><\/li>\n<li><span id=\"result_box\" class=\"\" lang=\"fi\">Mukautetut mittaukset.<\/span><\/li>\n<\/ul>\n","protected":false},"excerpt":{"rendered":"[toggle title=\"Ulkomitat\" opened=\"no\" ] 900 x 900 x 1950 mm<br \/>\n900 x 1000 x 1950 mm<br \/>\n1000 x 900 x 1950 mm<br \/>\n1000 x 1000 x 1950 mm<br \/>\n[\/toggle]\n","protected":false},"featured_media":87816,"template":"","meta":{"_acf_changed":false},"product_brand":[],"product_cat":[226],"product_tag":[],"class_list":{"0":"post-88229","1":"product","2":"type-product","3":"status-publish","4":"has-post-thumbnail","6":"product_cat-suihkunurkat","8":"first","9":"instock","10":"shipping-taxable","11":"product-type-simple","13":"group","14":null,"16":"with-border","17":"span3"},"acf":[],"_links":{"self":[{"href":"https:\/\/schonberg-bathrooms.com\/fi\/wp-json\/wp\/v2\/product\/88229","targetHints":{"allow":["GET"]}}],"collection":[{"href":"https:\/\/schonberg-bathrooms.com\/fi\/wp-json\/wp\/v2\/product"}],"about":[{"href":"https:\/\/schonberg-bathrooms.com\/fi\/wp-json\/wp\/v2\/types\/product"}],"wp:featuredmedia":[{"embeddable":true,"href":"https:\/\/schonberg-bathrooms.com\/fi\/wp-json\/wp\/v2\/media\/87816"}],"wp:attachment":[{"href":"https:\/\/schonberg-bathrooms.com\/fi\/wp-json\/wp\/v2\/media?parent=88229"}],"wp:term":[{"taxonomy":"product_brand","embeddable":true,"href":"https:\/\/schonberg-bathrooms.com\/fi\/wp-json\/wp\/v2\/product_brand?post=88229"},{"taxonomy":"product_cat","embeddable":true,"href":"https:\/\/schonberg-bathrooms.com\/fi\/wp-json\/wp\/v2\/product_cat?post=88229"},{"taxonomy":"product_tag","embeddable":true,"href":"https:\/\/schonberg-bathrooms.com\/fi\/wp-json\/wp\/v2\/product_tag?post=88229"}],"curies":[{"name":"wp","href":"https:\/\/api.w.org\/{rel}","templated":true}]}}