{"id":88261,"date":"2018-07-25T12:01:56","date_gmt":"2018-07-25T09:01:56","guid":{"rendered":"https:\/\/www.schonberg-bathrooms.com\/product\/suihkunurkkaus-geneva\/"},"modified":"2018-07-25T12:01:56","modified_gmt":"2018-07-25T09:01:56","slug":"suihkunurkkaus-geneva","status":"publish","type":"product","link":"https:\/\/schonberg-bathrooms.com\/fi\/tuote\/suihkunurkkaus-geneva\/","title":{"rendered":"Suihkunurkkaus Geneva"},"content":{"rendered":"<ul>\n<li><span id=\"result_box\" class=\"\" lang=\"fi\">6 mm turvalasi.<\/span><\/li>\n<li><span id=\"result_box\" class=\"\" lang=\"fi\"><span class=\"alt-edited\">Liikkuvat osat messinki\u00e4 (saranat, vetimet) ja kromi profiileja.<\/span><\/span><\/li>\n<li><span id=\"result_box\" class=\"\" lang=\"fi\"><span class=\"\">S\u00e4\u00e4dett\u00e4v\u00e4t profiilit 0,5 &#8211; 1,5 cm.<\/span><\/span><\/li>\n<li><span id=\"result_box\" class=\"\" lang=\"fi\"><span class=\"\">Erilaiset lasivaihtoehdot (kirkas ja grafiitti).<\/span><\/span><\/li>\n<\/ul>\n","protected":false},"excerpt":{"rendered":"[toggle title=\"Ulkomitat\" opened=\"no\" ] 900 x 900 x 1900 mm<br \/>\n[\/toggle]\n","protected":false},"featured_media":87886,"template":"","meta":{"_acf_changed":false},"product_brand":[],"product_cat":[226],"product_tag":[],"class_list":{"0":"post-88261","1":"product","2":"type-product","3":"status-publish","4":"has-post-thumbnail","6":"product_cat-suihkunurkat","8":"first","9":"instock","10":"shipping-taxable","11":"product-type-simple","13":"group","14":null,"16":"with-border","17":"span3"},"acf":[],"_links":{"self":[{"href":"https:\/\/schonberg-bathrooms.com\/fi\/wp-json\/wp\/v2\/product\/88261","targetHints":{"allow":["GET"]}}],"collection":[{"href":"https:\/\/schonberg-bathrooms.com\/fi\/wp-json\/wp\/v2\/product"}],"about":[{"href":"https:\/\/schonberg-bathrooms.com\/fi\/wp-json\/wp\/v2\/types\/product"}],"wp:featuredmedia":[{"embeddable":true,"href":"https:\/\/schonberg-bathrooms.com\/fi\/wp-json\/wp\/v2\/media\/87886"}],"wp:attachment":[{"href":"https:\/\/schonberg-bathrooms.com\/fi\/wp-json\/wp\/v2\/media?parent=88261"}],"wp:term":[{"taxonomy":"product_brand","embeddable":true,"href":"https:\/\/schonberg-bathrooms.com\/fi\/wp-json\/wp\/v2\/product_brand?post=88261"},{"taxonomy":"product_cat","embeddable":true,"href":"https:\/\/schonberg-bathrooms.com\/fi\/wp-json\/wp\/v2\/product_cat?post=88261"},{"taxonomy":"product_tag","embeddable":true,"href":"https:\/\/schonberg-bathrooms.com\/fi\/wp-json\/wp\/v2\/product_tag?post=88261"}],"curies":[{"name":"wp","href":"https:\/\/api.w.org\/{rel}","templated":true}]}}