{"id":88269,"date":"2018-07-26T09:09:57","date_gmt":"2018-07-26T06:09:57","guid":{"rendered":"https:\/\/www.schonberg-bathrooms.com\/product\/suihkuovi-sachi\/"},"modified":"2018-07-26T09:09:57","modified_gmt":"2018-07-26T06:09:57","slug":"suihkuovi-sachi","status":"publish","type":"product","link":"https:\/\/schonberg-bathrooms.com\/fi\/tuote\/suihkuovi-sachi\/","title":{"rendered":"Suihkuovi Sachi"},"content":{"rendered":"<ul>\n<li><span id=\"result_box\" class=\"\" lang=\"fi\">Nano-p\u00e4\u00e4llystetty 6 mm lasi.<\/span><\/li>\n<li><span id=\"result_box\" class=\"\" lang=\"fi\"><span class=\"alt-edited\">Liikkuvat osat messinki\u00e4 (saranat, vetimet) ja kromi profiileja.<\/span><\/span><\/li>\n<li><span id=\"result_box\" class=\"\" lang=\"fi\">S\u00e4\u00e4dett\u00e4v\u00e4t profiilit 1,5 cm.<\/span><\/li>\n<li><span id=\"result_box\" class=\"\" lang=\"fi\">Ovi avautuu sis\u00e4\u00e4np\u00e4in ja ulosp\u00e4in<\/span><\/li>\n<li><span id=\"result_box\" class=\"\" lang=\"fi\">Vesitiiviit tiivisteet lattialle.<\/span><\/li>\n<li><span id=\"result_box\" class=\"\" lang=\"fi\"><span class=\"\">Mukautetut mittaukset.<\/span><\/span><\/li>\n<\/ul>\n","protected":false},"excerpt":{"rendered":"[toggle title=\"Ulkomitat\" opened=\"no\" ] 700 x 1950 mm<br \/>\n800 x 1950 mm<br \/>\n900 x 1950 mm<br \/>\n[\/toggle]\n","protected":false},"featured_media":87908,"template":"","meta":{"_acf_changed":false},"product_brand":[],"product_cat":[226],"product_tag":[],"class_list":{"0":"post-88269","1":"product","2":"type-product","3":"status-publish","4":"has-post-thumbnail","6":"product_cat-suihkunurkat","8":"first","9":"instock","10":"shipping-taxable","11":"product-type-simple","13":"group","14":null,"16":"with-border","17":"span3"},"acf":[],"_links":{"self":[{"href":"https:\/\/schonberg-bathrooms.com\/fi\/wp-json\/wp\/v2\/product\/88269","targetHints":{"allow":["GET"]}}],"collection":[{"href":"https:\/\/schonberg-bathrooms.com\/fi\/wp-json\/wp\/v2\/product"}],"about":[{"href":"https:\/\/schonberg-bathrooms.com\/fi\/wp-json\/wp\/v2\/types\/product"}],"wp:featuredmedia":[{"embeddable":true,"href":"https:\/\/schonberg-bathrooms.com\/fi\/wp-json\/wp\/v2\/media\/87908"}],"wp:attachment":[{"href":"https:\/\/schonberg-bathrooms.com\/fi\/wp-json\/wp\/v2\/media?parent=88269"}],"wp:term":[{"taxonomy":"product_brand","embeddable":true,"href":"https:\/\/schonberg-bathrooms.com\/fi\/wp-json\/wp\/v2\/product_brand?post=88269"},{"taxonomy":"product_cat","embeddable":true,"href":"https:\/\/schonberg-bathrooms.com\/fi\/wp-json\/wp\/v2\/product_cat?post=88269"},{"taxonomy":"product_tag","embeddable":true,"href":"https:\/\/schonberg-bathrooms.com\/fi\/wp-json\/wp\/v2\/product_tag?post=88269"}],"curies":[{"name":"wp","href":"https:\/\/api.w.org\/{rel}","templated":true}]}}