{"id":88990,"date":"2021-11-12T09:22:36","date_gmt":"2021-11-12T07:22:37","guid":{"rendered":"https:\/\/schonberg-bathrooms.com\/?post_type=product&#038;p=88990"},"modified":"2021-11-22T10:33:26","modified_gmt":"2021-11-22T08:33:26","slug":"kivi-pesuallas-aura-400","status":"publish","type":"product","link":"https:\/\/schonberg-bathrooms.com\/fi\/tuote\/kivi-pesuallas-aura-400\/","title":{"rendered":"Kivi pesuallas Aura 400"},"content":{"rendered":"<p>Materiaali: komposiittikivi<br \/>\nPintak\u00e4sittely: kiilt\u00e4v\u00e4<br \/>\nAntibakteerinen<br \/>\nIlman ylivuotoa<br \/>\nMalja-allas<\/p>\n<h2>Ohjekirjat<\/h2>\n<ul>\n<li><a href=\"https:\/\/schonberg-bathrooms.com\/wp-content\/uploads\/2021\/11\/Kivivalamu-Aura-400.pdf\">Aura 400 tekninen piirustus<\/a><\/li>\n<\/ul>\n","protected":false},"excerpt":{"rendered":"<p style=\"text-align: justify;\">Sch\u00f6nbergin Aura 400-kiviallasta kuvaa py\u00f6re\u00e4, tyylik\u00e4s muotoilu, ja se tuo kylpyhuoneeseen modernin muotoilun lis\u00e4ksi kest\u00e4vyytt\u00e4 ja k\u00e4ytt\u00f6mukavuutta. Allas on mahdollista yhdist\u00e4\u00e4 samaan sarjaan kuuluvaan kiviammeeseen, ja n\u00e4m\u00e4 yhdess\u00e4 tekev\u00e4t kylpyhuoneestasi kauniin ja harmonisen yhdistelm\u00e4n. Allas asennetaan pesuallaskaapin p\u00e4\u00e4lle ja siihen on mahdollista yhdist\u00e4\u00e4 sopiva pesuallashana. Kivialtaat ovat poikkeuksellisen kest\u00e4vi\u00e4 ja helppohoitoisia.<\/p>\n<p style=\"text-align: justify;\">Uusi komposiittikivi on 21. vuosisadan kylpyhuoneen tunnus. T\u00e4ll\u00e4 materiaalilla k\u00e4sitelt\u00e4v\u00e4t pinnat ovat \u00e4\u00e4rimm\u00e4isen hyvin muotoiltavia. Se tarjoaa muotoilijoille mahdollisuuden menn\u00e4 suunnittelussa askelta pidemm\u00e4lle kohti t\u00e4ydellisyytt\u00e4. Komposiittikivi on kest\u00e4vyydelt\u00e4\u00e4n ja monipuolisuudeltaan luonnonkiven kaltainen. Materiaali sis\u00e4lt\u00e4\u00e4 luonnonkive\u00e4 enint\u00e4\u00e4n 75%, sen lis\u00e4ksi erilaisia hartseja ja akryyli\u00e4.<\/p>\n<p style=\"text-align: left;\">[toggle title=\"Ulkomitat\" opened=\"no\" ] 400 x 350 x 171 mm[\/toggle]<\/p>\n","protected":false},"featured_media":89000,"template":"","meta":{"_acf_changed":false},"product_brand":[],"product_cat":[228],"product_tag":[],"class_list":{"0":"post-88990","1":"product","2":"type-product","3":"status-publish","4":"has-post-thumbnail","6":"product_cat-pesualtaat","8":"first","9":"instock","10":"shipping-taxable","11":"product-type-simple","13":"group","14":null,"16":"with-border","17":"span3"},"acf":[],"_links":{"self":[{"href":"https:\/\/schonberg-bathrooms.com\/fi\/wp-json\/wp\/v2\/product\/88990","targetHints":{"allow":["GET"]}}],"collection":[{"href":"https:\/\/schonberg-bathrooms.com\/fi\/wp-json\/wp\/v2\/product"}],"about":[{"href":"https:\/\/schonberg-bathrooms.com\/fi\/wp-json\/wp\/v2\/types\/product"}],"wp:featuredmedia":[{"embeddable":true,"href":"https:\/\/schonberg-bathrooms.com\/fi\/wp-json\/wp\/v2\/media\/89000"}],"wp:attachment":[{"href":"https:\/\/schonberg-bathrooms.com\/fi\/wp-json\/wp\/v2\/media?parent=88990"}],"wp:term":[{"taxonomy":"product_brand","embeddable":true,"href":"https:\/\/schonberg-bathrooms.com\/fi\/wp-json\/wp\/v2\/product_brand?post=88990"},{"taxonomy":"product_cat","embeddable":true,"href":"https:\/\/schonberg-bathrooms.com\/fi\/wp-json\/wp\/v2\/product_cat?post=88990"},{"taxonomy":"product_tag","embeddable":true,"href":"https:\/\/schonberg-bathrooms.com\/fi\/wp-json\/wp\/v2\/product_tag?post=88990"}],"curies":[{"name":"wp","href":"https:\/\/api.w.org\/{rel}","templated":true}]}}