{"id":1400,"date":"2013-02-13T19:59:49","date_gmt":"2013-02-13T19:59:49","guid":{"rendered":"http:\/\/www.schonberg-bathrooms.com\/algus-2\/"},"modified":"2024-05-06T11:47:54","modified_gmt":"2024-05-06T08:47:54","slug":"algus","status":"publish","type":"page","link":"https:\/\/schonberg-bathrooms.com\/sv\/","title":{"rendered":"Hemsida"},"content":{"rendered":"\n<div class=\"one-fourth \"><h3 class=\"product-title page-title\">Massagebadkar<\/h3>\n<p><a href=\"\/?product_cat=badkar\/massagebadkar\"><img loading=\"lazy\" decoding=\"async\" class=\"alignnone\" src=\"https:\/\/www.schonberg-bathrooms.com\/wp-content\/uploads\/2013\/02\/munic1.jpg\" alt=\"Vannas\" width=\"250\" height=\"200\" \/><\/a><\/p>\n<p style=\"text-align: justify;\">Dagens badkar \u00e4r inte l\u00e4ngre till f\u00f6r att bara tv\u00e4tta sig. Med Sch\u00f6nbergs badkar f\u00e5r du: massage f\u00f6r hela kroppen med just den intensitet som du sj\u00e4lv har valt, ljusterapi samt att vattnet h\u00e5lls p\u00e5 den r\u00e4tta varma temperaturen automatiskt.<\/p>\n<\/div>\n\n<div class=\"one-fourth \"><h3 class=\"product-title page-title\">Designbadkar<\/h3>\n<p style=\"text-align: justify;\"><a href=\"\/?product_cat=badkar\/designbadkar\"><img loading=\"lazy\" decoding=\"async\" class=\"alignnone wp-image-86478 size-medium\" src=\"https:\/\/www.schonberg-bathrooms.com\/wp-content\/uploads\/2018\/07\/Disainvann.jpg\" alt=\"\" width=\"250\" height=\"200\" \/><\/a><\/p>\n<p style=\"text-align: justify;\">Dessa badkar med en speciell och enast\u00e5ende design g\u00f6r varje badrum mer elegant. Kvalitetsmaterial som har anv\u00e4nts g\u00f6r att badkaret h\u00e5ller l\u00e4nge och m\u00f6jligg\u00f6r l\u00e5nga avkopplande bad.<\/p>\n<\/div>\n\n<div class=\"one-fourth \"><h3 class=\"product-title page-title\">Sten badkar<\/h3>\n<p><a href=\"\/?product_cat=badkar\/sten-badkar\"><img loading=\"lazy\" decoding=\"async\" class=\"alignnone wp-image-86465 size-medium\" src=\"https:\/\/schonberg-bathrooms.com\/wp-content\/uploads\/2018\/07\/Vanessa-kivivann-300x240.jpg\" alt=\"\" width=\"250\" height=\"200\" \/><\/a><\/p>\n<p style=\"text-align: justify;\">Sch\u00f6nbergs nya serie Stain&amp;Wasser \u00e4r inspirerad av b\u00e5de naturen och den moderna designen. Badkarens str\u00f6mlinjeformade och &#8221;naturliga k\u00e4nsla&#8221; ger er en produkt som omvandlar ert badrum och g\u00f6r badandet extra njutbar.<\/p>\n<\/div>\n\n<div class=\"one-fourth last\"><h3 class=\"product-title page-title\">Tv\u00e4ttst\u00e4ll<\/h3>\n<p><a href=\"https:\/\/schonberg-bathrooms.com\/sv\/produkt-kategori\/tvattstall\/\"><img loading=\"lazy\" decoding=\"async\" class=\"alignnone wp-image-86457 size-medium\" src=\"https:\/\/schonberg-bathrooms.com\/wp-content\/uploads\/2018\/07\/Callervo-kivivalamu-300x240.jpg\" alt=\"\" width=\"250\" height=\"200\" \/><\/a><\/p>\n<p style=\"text-align: justify;\">Sch\u00f6nberg erbjuder handfat gjorda av kompositsten som av sina egenskaper \u00e4r identisk med naturlig sten. Stenen best\u00e5r upp till 50% av naturlig sten samt olika k\u00e5dor och akryl. Dessa handfat v\u00e4rderas h\u00f6gt just f\u00f6r att de h\u00e5ller l\u00e4nge och \u00e4r mycket m\u00e5ngfaldiga.<\/p>\n<\/div>\n","protected":false},"excerpt":{"rendered":"","protected":false},"author":456793,"featured_media":0,"parent":0,"menu_order":0,"comment_status":"closed","ping_status":"closed","template":"home.php","meta":{"_acf_changed":false,"footnotes":""},"class_list":["post-1400","page","type-page","status-publish","hentry"],"acf":[],"_links":{"self":[{"href":"https:\/\/schonberg-bathrooms.com\/sv\/wp-json\/wp\/v2\/pages\/1400","targetHints":{"allow":["GET"]}}],"collection":[{"href":"https:\/\/schonberg-bathrooms.com\/sv\/wp-json\/wp\/v2\/pages"}],"about":[{"href":"https:\/\/schonberg-bathrooms.com\/sv\/wp-json\/wp\/v2\/types\/page"}],"author":[{"embeddable":true,"href":"https:\/\/schonberg-bathrooms.com\/sv\/wp-json\/wp\/v2\/users\/456793"}],"replies":[{"embeddable":true,"href":"https:\/\/schonberg-bathrooms.com\/sv\/wp-json\/wp\/v2\/comments?post=1400"}],"version-history":[{"count":4,"href":"https:\/\/schonberg-bathrooms.com\/sv\/wp-json\/wp\/v2\/pages\/1400\/revisions"}],"predecessor-version":[{"id":88521,"href":"https:\/\/schonberg-bathrooms.com\/sv\/wp-json\/wp\/v2\/pages\/1400\/revisions\/88521"}],"wp:attachment":[{"href":"https:\/\/schonberg-bathrooms.com\/sv\/wp-json\/wp\/v2\/media?parent=1400"}],"curies":[{"name":"wp","href":"https:\/\/api.w.org\/{rel}","templated":true}]}}