{"id":88231,"date":"2018-07-24T11:51:02","date_gmt":"2018-07-24T08:51:02","guid":{"rendered":"https:\/\/www.schonberg-bathrooms.com\/product\/duschhorna-renata\/"},"modified":"2018-07-24T11:51:02","modified_gmt":"2018-07-24T08:51:02","slug":"duschhorna-renata","status":"publish","type":"product","link":"https:\/\/schonberg-bathrooms.com\/sv\/produkt\/duschhorna-renata\/","title":{"rendered":"Duschh\u00f6rna Renata"},"content":{"rendered":"<ul>\n<li><span id=\"result_box\" class=\"\" lang=\"sv\">Nano-belagd 6 mm glas.<\/span><\/li>\n<li><span id=\"result_box\" class=\"\" lang=\"sv\">M\u00e4ssingb\u00e4rbara delar (g\u00e5ngj\u00e4rn, handtag) och kromprofiler.<\/span><\/li>\n<li><span id=\"result_box\" class=\"\" lang=\"sv\">Justerbara profiler i 1,5 cm.<\/span><\/li>\n<li><span id=\"result_box\" class=\"\" lang=\"sv\">Vattent\u00e4ta t\u00e4tningar p\u00e5 golvet.<\/span><\/li>\n<li><span id=\"result_box\" class=\"\" lang=\"sv\">Olika dimensioner.<\/span><\/li>\n<li><span id=\"result_box\" class=\"\" lang=\"sv\"><span class=\"\">Anpassade m\u00e4tningar.<\/span><\/span><\/li>\n<\/ul>\n","protected":false},"excerpt":{"rendered":"[toggle title=\"Ytterm\u00e5tt\" opened=\"no\" ] 900 x 900 x 1950 mm<br \/>\n900 x 1000 x 1950 mm<br \/>\n1000 x 900 x 1950 mm<br \/>\n1000 x 1000 x 1950 mm<br \/>\n[\/toggle]\n","protected":false},"featured_media":87818,"template":"","meta":{"_acf_changed":false},"product_brand":[],"product_cat":[227],"product_tag":[],"class_list":{"0":"post-88231","1":"product","2":"type-product","3":"status-publish","4":"has-post-thumbnail","6":"product_cat-duschhornor","8":"first","9":"instock","10":"shipping-taxable","11":"product-type-simple","13":"group","14":null,"16":"with-border","17":"span3"},"acf":[],"_links":{"self":[{"href":"https:\/\/schonberg-bathrooms.com\/sv\/wp-json\/wp\/v2\/product\/88231","targetHints":{"allow":["GET"]}}],"collection":[{"href":"https:\/\/schonberg-bathrooms.com\/sv\/wp-json\/wp\/v2\/product"}],"about":[{"href":"https:\/\/schonberg-bathrooms.com\/sv\/wp-json\/wp\/v2\/types\/product"}],"wp:featuredmedia":[{"embeddable":true,"href":"https:\/\/schonberg-bathrooms.com\/sv\/wp-json\/wp\/v2\/media\/87818"}],"wp:attachment":[{"href":"https:\/\/schonberg-bathrooms.com\/sv\/wp-json\/wp\/v2\/media?parent=88231"}],"wp:term":[{"taxonomy":"product_brand","embeddable":true,"href":"https:\/\/schonberg-bathrooms.com\/sv\/wp-json\/wp\/v2\/product_brand?post=88231"},{"taxonomy":"product_cat","embeddable":true,"href":"https:\/\/schonberg-bathrooms.com\/sv\/wp-json\/wp\/v2\/product_cat?post=88231"},{"taxonomy":"product_tag","embeddable":true,"href":"https:\/\/schonberg-bathrooms.com\/sv\/wp-json\/wp\/v2\/product_tag?post=88231"}],"curies":[{"name":"wp","href":"https:\/\/api.w.org\/{rel}","templated":true}]}}