{"id":88251,"date":"2018-07-24T14:21:55","date_gmt":"2018-07-24T11:21:55","guid":{"rendered":"https:\/\/www.schonberg-bathrooms.com\/product\/duschhorna-vanessa\/"},"modified":"2018-07-24T14:21:55","modified_gmt":"2018-07-24T11:21:55","slug":"duschhorna-vanessa","status":"publish","type":"product","link":"https:\/\/schonberg-bathrooms.com\/sv\/produkt\/duschhorna-vanessa\/","title":{"rendered":"Duschh\u00f6rna Vanessa"},"content":{"rendered":"<ul>\n<li><span id=\"result_box\" class=\"\" lang=\"sv\"><span class=\"\">5 mm glas, nano-bel\u00e4ggning.<\/span><\/span><\/li>\n<li><span id=\"result_box\" class=\"\" lang=\"sv\"><span class=\"\">M\u00e4ssingb\u00e4rbara delar (g\u00e5ngj\u00e4rn, handtag) och kromprofiler.<\/span><\/span><\/li>\n<li><span id=\"result_box\" class=\"\" lang=\"sv\">Justerbara topprullar.<\/span><\/li>\n<li><span id=\"result_box\" class=\"\" lang=\"sv\">Avtagbara undre rullar.<\/span><\/li>\n<li><span id=\"result_box\" class=\"\" lang=\"sv\">Justerbara profiler p\u00e5 2 till 3 cm.<\/span><\/li>\n<li><span id=\"result_box\" class=\"\" lang=\"sv\">Olika dimensioner.<\/span><\/li>\n<li><span id=\"result_box\" class=\"\" lang=\"sv\">Olika glasalternativ (ljus och grafit).<\/span><\/li>\n<\/ul>\n","protected":false},"excerpt":{"rendered":"[toggle title=\"Ytterm\u00e5tt\" opened=\"no\" ] 800 x 800 x 1900 mm<br \/>\n800 x 900 x 1900 mm<br \/>\n900 x 800 x 1900 mm<br \/>\n900 x 900 x 1900 mm<br \/>\n[\/toggle]\n","protected":false},"featured_media":87864,"template":"","meta":{"_acf_changed":false},"product_brand":[],"product_cat":[227],"product_tag":[],"class_list":{"0":"post-88251","1":"product","2":"type-product","3":"status-publish","4":"has-post-thumbnail","6":"product_cat-duschhornor","8":"first","9":"instock","10":"shipping-taxable","11":"product-type-simple","13":"group","14":null,"16":"with-border","17":"span3"},"acf":[],"_links":{"self":[{"href":"https:\/\/schonberg-bathrooms.com\/sv\/wp-json\/wp\/v2\/product\/88251","targetHints":{"allow":["GET"]}}],"collection":[{"href":"https:\/\/schonberg-bathrooms.com\/sv\/wp-json\/wp\/v2\/product"}],"about":[{"href":"https:\/\/schonberg-bathrooms.com\/sv\/wp-json\/wp\/v2\/types\/product"}],"wp:featuredmedia":[{"embeddable":true,"href":"https:\/\/schonberg-bathrooms.com\/sv\/wp-json\/wp\/v2\/media\/87864"}],"wp:attachment":[{"href":"https:\/\/schonberg-bathrooms.com\/sv\/wp-json\/wp\/v2\/media?parent=88251"}],"wp:term":[{"taxonomy":"product_brand","embeddable":true,"href":"https:\/\/schonberg-bathrooms.com\/sv\/wp-json\/wp\/v2\/product_brand?post=88251"},{"taxonomy":"product_cat","embeddable":true,"href":"https:\/\/schonberg-bathrooms.com\/sv\/wp-json\/wp\/v2\/product_cat?post=88251"},{"taxonomy":"product_tag","embeddable":true,"href":"https:\/\/schonberg-bathrooms.com\/sv\/wp-json\/wp\/v2\/product_tag?post=88251"}],"curies":[{"name":"wp","href":"https:\/\/api.w.org\/{rel}","templated":true}]}}