{"id":88259,"date":"2018-07-25T11:56:56","date_gmt":"2018-07-25T08:56:56","guid":{"rendered":"https:\/\/www.schonberg-bathrooms.com\/product\/duschhorna-vanda\/"},"modified":"2018-07-25T11:56:56","modified_gmt":"2018-07-25T08:56:56","slug":"duschhorna-vanda","status":"publish","type":"product","link":"https:\/\/schonberg-bathrooms.com\/sv\/produkt\/duschhorna-vanda\/","title":{"rendered":"Duschh\u00f6rna Vanda"},"content":{"rendered":"<ul>\n<li><span id=\"result_box\" class=\"\" lang=\"sv\">5 mm glas, nano bel\u00e4ggning, 2 \u00e5rs garanti.<\/span><\/li>\n<li><span id=\"result_box\" class=\"\" lang=\"sv\"><span class=\"\">M\u00e4ssingb\u00e4rbara delar (g\u00e5ngj\u00e4rn, handtag) och kromprofiler.<\/span><\/span><\/li>\n<li><span id=\"result_box\" class=\"\" lang=\"sv\"><span class=\"\">Justerbara topprullar.<\/span><\/span><\/li>\n<li><span id=\"result_box\" class=\"\" lang=\"sv\"><span class=\"\">Avtagbara undre rullar.<\/span><\/span><\/li>\n<li><span id=\"result_box\" class=\"\" lang=\"sv\"><span class=\"\">Justerbara profiler p\u00e5 2 till 3 cm.<\/span><\/span><\/li>\n<li><span id=\"result_box\" class=\"\" lang=\"sv\"><span class=\"\">Olika glasalternativ (ljus och grafit).<\/span><\/span><\/li>\n<li><span id=\"result_box\" class=\"\" lang=\"sv\">Olika dimensioner.<\/span><\/li>\n<\/ul>\n","protected":false},"excerpt":{"rendered":"[toggle title=\"Ytterm\u00e5tt\" opened=\"no\" ] 1000 x 800 x 1900 mm<br \/>\n1000 x 900 x 1900 mm<br \/>\n1200 x 900 x 1900 mm<br \/>\n[\/toggle]\n","protected":false},"featured_media":87882,"template":"","meta":{"_acf_changed":false},"product_brand":[],"product_cat":[227],"product_tag":[],"class_list":{"0":"post-88259","1":"product","2":"type-product","3":"status-publish","4":"has-post-thumbnail","6":"product_cat-duschhornor","8":"first","9":"instock","10":"shipping-taxable","11":"product-type-simple","13":"group","14":null,"16":"with-border","17":"span3"},"acf":[],"_links":{"self":[{"href":"https:\/\/schonberg-bathrooms.com\/sv\/wp-json\/wp\/v2\/product\/88259","targetHints":{"allow":["GET"]}}],"collection":[{"href":"https:\/\/schonberg-bathrooms.com\/sv\/wp-json\/wp\/v2\/product"}],"about":[{"href":"https:\/\/schonberg-bathrooms.com\/sv\/wp-json\/wp\/v2\/types\/product"}],"wp:featuredmedia":[{"embeddable":true,"href":"https:\/\/schonberg-bathrooms.com\/sv\/wp-json\/wp\/v2\/media\/87882"}],"wp:attachment":[{"href":"https:\/\/schonberg-bathrooms.com\/sv\/wp-json\/wp\/v2\/media?parent=88259"}],"wp:term":[{"taxonomy":"product_brand","embeddable":true,"href":"https:\/\/schonberg-bathrooms.com\/sv\/wp-json\/wp\/v2\/product_brand?post=88259"},{"taxonomy":"product_cat","embeddable":true,"href":"https:\/\/schonberg-bathrooms.com\/sv\/wp-json\/wp\/v2\/product_cat?post=88259"},{"taxonomy":"product_tag","embeddable":true,"href":"https:\/\/schonberg-bathrooms.com\/sv\/wp-json\/wp\/v2\/product_tag?post=88259"}],"curies":[{"name":"wp","href":"https:\/\/api.w.org\/{rel}","templated":true}]}}