{"id":88283,"date":"2018-07-26T09:29:57","date_gmt":"2018-07-26T06:29:57","guid":{"rendered":"https:\/\/www.schonberg-bathrooms.com\/product\/duschdorr-valentin\/"},"modified":"2018-07-26T09:29:57","modified_gmt":"2018-07-26T06:29:57","slug":"duschdorr-valentin","status":"publish","type":"product","link":"https:\/\/schonberg-bathrooms.com\/sv\/produkt\/duschdorr-valentin\/","title":{"rendered":"Duschd\u00f6rr Valentin"},"content":{"rendered":"<ul>\n<li><span id=\"result_box\" class=\"\" lang=\"sv\">5 mm glas.<\/span><\/li>\n<li><span id=\"result_box\" class=\"\" lang=\"sv\">M\u00e4ssingb\u00e4rbara delar (g\u00e5ngj\u00e4rn, handtag) och kromprofiler.<\/span><\/li>\n<li><span id=\"result_box\" class=\"\" lang=\"sv\">Justerbara topprullar.<\/span><\/li>\n<li><span id=\"result_box\" class=\"\" lang=\"sv\">Avtagbara undre rullar.<\/span><\/li>\n<li><span id=\"result_box\" class=\"\" lang=\"sv\"><span class=\"\">Justerbara profiler p\u00e5 2 till 3 cm.<\/span><\/span><\/li>\n<li><span id=\"result_box\" class=\"\" lang=\"sv\"><span class=\"\">Olika glasalternativ (ljus och grafit).<\/span><\/span><\/li>\n<li><span id=\"result_box\" class=\"\" lang=\"sv\"><span class=\"\">Olika dimensioner.<\/span><\/span><\/li>\n<\/ul>\n","protected":false},"excerpt":{"rendered":"[toggle title=\"Ytterm\u00e5tt\" opened=\"no\" ] 1000 x 1900 mm<br \/>\n1200 x 1900 mm<br \/>\n[\/toggle]\n","protected":false},"featured_media":87933,"template":"","meta":{"_acf_changed":false},"product_brand":[],"product_cat":[227],"product_tag":[],"class_list":{"0":"post-88283","1":"product","2":"type-product","3":"status-publish","4":"has-post-thumbnail","6":"product_cat-duschhornor","8":"first","9":"instock","10":"shipping-taxable","11":"product-type-simple","13":"group","14":null,"16":"with-border","17":"span3"},"acf":[],"_links":{"self":[{"href":"https:\/\/schonberg-bathrooms.com\/sv\/wp-json\/wp\/v2\/product\/88283","targetHints":{"allow":["GET"]}}],"collection":[{"href":"https:\/\/schonberg-bathrooms.com\/sv\/wp-json\/wp\/v2\/product"}],"about":[{"href":"https:\/\/schonberg-bathrooms.com\/sv\/wp-json\/wp\/v2\/types\/product"}],"wp:featuredmedia":[{"embeddable":true,"href":"https:\/\/schonberg-bathrooms.com\/sv\/wp-json\/wp\/v2\/media\/87933"}],"wp:attachment":[{"href":"https:\/\/schonberg-bathrooms.com\/sv\/wp-json\/wp\/v2\/media?parent=88283"}],"wp:term":[{"taxonomy":"product_brand","embeddable":true,"href":"https:\/\/schonberg-bathrooms.com\/sv\/wp-json\/wp\/v2\/product_brand?post=88283"},{"taxonomy":"product_cat","embeddable":true,"href":"https:\/\/schonberg-bathrooms.com\/sv\/wp-json\/wp\/v2\/product_cat?post=88283"},{"taxonomy":"product_tag","embeddable":true,"href":"https:\/\/schonberg-bathrooms.com\/sv\/wp-json\/wp\/v2\/product_tag?post=88283"}],"curies":[{"name":"wp","href":"https:\/\/api.w.org\/{rel}","templated":true}]}}