{"id":88855,"date":"2021-06-04T13:01:30","date_gmt":"2021-06-04T10:01:31","guid":{"rendered":"https:\/\/schonberg-bathrooms.com\/?post_type=product&#038;p=88855"},"modified":"2021-06-15T09:39:18","modified_gmt":"2021-06-15T06:39:18","slug":"badkar-chi","status":"publish","type":"product","link":"https:\/\/schonberg-bathrooms.com\/sv\/produkt\/badkar-chi\/","title":{"rendered":"Badkar Chi"},"content":{"rendered":"<p>Vikt: 98 kg<br \/>\nVolym: 264 L<\/p>\n<ul>\n<li>Material: syntetisk betong eller kompositsten<\/li>\n<li>Utan badkarsavlopp<\/li>\n<li>Utan \u00f6verfl\u00f6de<\/li>\n<li>Utan f\u00f6tter<\/li>\n<li>7 \u00e5rs garanti!<\/li>\n<\/ul>\n<h2>Guider<\/h2>\n<ul>\n<li><em><a href=\"https:\/\/schonberg-bathrooms.com\/wp-content\/uploads\/2021\/06\/Kivivann-Chi-joonis.pdf\">Chi ritning<\/a><\/em><\/li>\n<\/ul>\n","protected":false},"excerpt":{"rendered":"<p style=\"text-align: justify;\"><strong>Badet har inga f\u00f6tter, sifon eller avlopp.\u00a0F\u00f6r Chi m\u00e5ste en upph\u00f6jd bas byggas f\u00f6r att rymma avloppet.<\/strong><\/p>\n<p style=\"text-align: justify;\">[toggle title=\"Ytterm\u00e5tt\" opened=\"no\" ] 1600 x 750 x 480 mm<br \/>\n[\/toggle]<\/p>\n","protected":false},"featured_media":88875,"template":"","meta":{"_acf_changed":false},"product_brand":[],"product_cat":[248],"product_tag":[],"class_list":{"0":"post-88855","1":"product","2":"type-product","3":"status-publish","4":"has-post-thumbnail","6":"product_cat-sten-badkar","8":"first","9":"instock","10":"shipping-taxable","11":"product-type-simple","13":"group","14":null,"16":"with-border","17":"span3"},"acf":[],"_links":{"self":[{"href":"https:\/\/schonberg-bathrooms.com\/sv\/wp-json\/wp\/v2\/product\/88855","targetHints":{"allow":["GET"]}}],"collection":[{"href":"https:\/\/schonberg-bathrooms.com\/sv\/wp-json\/wp\/v2\/product"}],"about":[{"href":"https:\/\/schonberg-bathrooms.com\/sv\/wp-json\/wp\/v2\/types\/product"}],"wp:featuredmedia":[{"embeddable":true,"href":"https:\/\/schonberg-bathrooms.com\/sv\/wp-json\/wp\/v2\/media\/88875"}],"wp:attachment":[{"href":"https:\/\/schonberg-bathrooms.com\/sv\/wp-json\/wp\/v2\/media?parent=88855"}],"wp:term":[{"taxonomy":"product_brand","embeddable":true,"href":"https:\/\/schonberg-bathrooms.com\/sv\/wp-json\/wp\/v2\/product_brand?post=88855"},{"taxonomy":"product_cat","embeddable":true,"href":"https:\/\/schonberg-bathrooms.com\/sv\/wp-json\/wp\/v2\/product_cat?post=88855"},{"taxonomy":"product_tag","embeddable":true,"href":"https:\/\/schonberg-bathrooms.com\/sv\/wp-json\/wp\/v2\/product_tag?post=88855"}],"curies":[{"name":"wp","href":"https:\/\/api.w.org\/{rel}","templated":true}]}}