{"id":88942,"date":"2021-11-12T09:13:59","date_gmt":"2021-11-12T07:14:00","guid":{"rendered":"https:\/\/schonberg-bathrooms.com\/?post_type=product&#038;p=88942"},"modified":"2021-11-23T11:44:44","modified_gmt":"2021-11-23T09:44:44","slug":"sten-tvattstall-orion","status":"publish","type":"product","link":"https:\/\/schonberg-bathrooms.com\/sv\/produkt\/sten-tvattstall-orion\/","title":{"rendered":"Sten tv\u00e4ttst\u00e4ll Orion"},"content":{"rendered":"<p>Material: kompositsten<br \/>\nUtan \u00f6verfyllnadsskydd<br \/>\nFrist\u00e5ende tv\u00e4ttst\u00e4ll<br \/>\nHandfatsavlopp ing\u00e5r ej<br \/>\nAntibakteriell<\/p>\n<h2>Guider<\/h2>\n<ul>\n<li><a href=\"https:\/\/schonberg-bathrooms.com\/wp-content\/uploads\/2021\/11\/Kivivalamu-Orion.pdf\">Orion teknisk ritning<\/a><\/li>\n<\/ul>\n","protected":false},"excerpt":{"rendered":"[toggle title=\"Ytterm\u00e5tt\" opened=\"no\" ] 510 x 300 x 127 mm[\/toggle]\n","protected":false},"featured_media":88952,"template":"","meta":{"_acf_changed":false},"product_brand":[],"product_cat":[229],"product_tag":[],"class_list":{"0":"post-88942","1":"product","2":"type-product","3":"status-publish","4":"has-post-thumbnail","6":"product_cat-tvattstall","8":"first","9":"instock","10":"shipping-taxable","11":"product-type-simple","13":"group","14":null,"16":"with-border","17":"span3"},"acf":[],"_links":{"self":[{"href":"https:\/\/schonberg-bathrooms.com\/sv\/wp-json\/wp\/v2\/product\/88942","targetHints":{"allow":["GET"]}}],"collection":[{"href":"https:\/\/schonberg-bathrooms.com\/sv\/wp-json\/wp\/v2\/product"}],"about":[{"href":"https:\/\/schonberg-bathrooms.com\/sv\/wp-json\/wp\/v2\/types\/product"}],"wp:featuredmedia":[{"embeddable":true,"href":"https:\/\/schonberg-bathrooms.com\/sv\/wp-json\/wp\/v2\/media\/88952"}],"wp:attachment":[{"href":"https:\/\/schonberg-bathrooms.com\/sv\/wp-json\/wp\/v2\/media?parent=88942"}],"wp:term":[{"taxonomy":"product_brand","embeddable":true,"href":"https:\/\/schonberg-bathrooms.com\/sv\/wp-json\/wp\/v2\/product_brand?post=88942"},{"taxonomy":"product_cat","embeddable":true,"href":"https:\/\/schonberg-bathrooms.com\/sv\/wp-json\/wp\/v2\/product_cat?post=88942"},{"taxonomy":"product_tag","embeddable":true,"href":"https:\/\/schonberg-bathrooms.com\/sv\/wp-json\/wp\/v2\/product_tag?post=88942"}],"curies":[{"name":"wp","href":"https:\/\/api.w.org\/{rel}","templated":true}]}}