{"id":89022,"date":"2021-11-12T09:38:25","date_gmt":"2021-11-12T07:38:26","guid":{"rendered":"https:\/\/schonberg-bathrooms.com\/?post_type=product&#038;p=89022"},"modified":"2021-11-23T11:51:56","modified_gmt":"2021-11-23T09:51:56","slug":"sten-tvattstall-diana","status":"publish","type":"product","link":"https:\/\/schonberg-bathrooms.com\/sv\/produkt\/sten-tvattstall-diana\/","title":{"rendered":"Sten tv\u00e4ttst\u00e4ll Diana"},"content":{"rendered":"<p>Material: kompositsten<br \/>\nUtan \u00f6verfyllnadsskydd<br \/>\nFrist\u00e5ende tv\u00e4ttst\u00e4ll<br \/>\nHandfatsavlopp ing\u00e5r ej<br \/>\nAntibakteriell<\/p>\n<h2>Guider<\/h2>\n<ul>\n<li><a href=\"https:\/\/schonberg-bathrooms.com\/wp-content\/uploads\/2021\/11\/Kivivalamu-Diana.pdf\">Diana teknisk ritning<\/a><\/li>\n<\/ul>\n","protected":false},"excerpt":{"rendered":"[toggle title=\"Ytterm\u00e5tt\" opened=\"no\" ] 420 x 420 x 160 mm[\/toggle]\n","protected":false},"featured_media":89037,"template":"","meta":{"_acf_changed":false},"product_brand":[],"product_cat":[229],"product_tag":[],"class_list":{"0":"post-89022","1":"product","2":"type-product","3":"status-publish","4":"has-post-thumbnail","6":"product_cat-tvattstall","8":"first","9":"instock","10":"shipping-taxable","11":"product-type-simple","13":"group","14":null,"16":"with-border","17":"span3"},"acf":[],"_links":{"self":[{"href":"https:\/\/schonberg-bathrooms.com\/sv\/wp-json\/wp\/v2\/product\/89022","targetHints":{"allow":["GET"]}}],"collection":[{"href":"https:\/\/schonberg-bathrooms.com\/sv\/wp-json\/wp\/v2\/product"}],"about":[{"href":"https:\/\/schonberg-bathrooms.com\/sv\/wp-json\/wp\/v2\/types\/product"}],"wp:featuredmedia":[{"embeddable":true,"href":"https:\/\/schonberg-bathrooms.com\/sv\/wp-json\/wp\/v2\/media\/89037"}],"wp:attachment":[{"href":"https:\/\/schonberg-bathrooms.com\/sv\/wp-json\/wp\/v2\/media?parent=89022"}],"wp:term":[{"taxonomy":"product_brand","embeddable":true,"href":"https:\/\/schonberg-bathrooms.com\/sv\/wp-json\/wp\/v2\/product_brand?post=89022"},{"taxonomy":"product_cat","embeddable":true,"href":"https:\/\/schonberg-bathrooms.com\/sv\/wp-json\/wp\/v2\/product_cat?post=89022"},{"taxonomy":"product_tag","embeddable":true,"href":"https:\/\/schonberg-bathrooms.com\/sv\/wp-json\/wp\/v2\/product_tag?post=89022"}],"curies":[{"name":"wp","href":"https:\/\/api.w.org\/{rel}","templated":true}]}}